{"id":951,"date":"2023-08-17T10:06:56","date_gmt":"2023-08-17T10:06:56","guid":{"rendered":"https:\/\/nhuadangphuong.com\/?post_type=product&#038;p=951"},"modified":"2026-04-17T23:47:25","modified_gmt":"2026-04-17T23:47:25","slug":"mang-quan-pe-kich-thuoc-20cm-80cm-va-100cm","status":"publish","type":"product","link":"https:\/\/nhuadangphuong.com\/?product=mang-quan-pe-kich-thuoc-20cm-80cm-va-100cm","title":{"rendered":"M\u00e0ng qu\u1ea5n PE kh\u1ed5 20Cm &#8211; 100Cm"},"content":{"rendered":"<p><strong>&#8220;M\u00e0ng qu\u1ea5n PE c\u00f4ng nghi\u1ec7p: \u1ee8ng d\u1ee5ng v\u00e0 \u0111\u1eb7c \u0111i\u1ec3m t\u1ea1i c\u00e1c k\u00edch th\u01b0\u1edbc 20cm, 80cm v\u00e0 100cm&#8221;<\/strong><\/p>\n<p>M\u00e0ng qu\u1ea5n PE (Polyethylene) c\u00f4ng nghi\u1ec7p l\u00e0 m\u1ed9t s\u1ea3n ph\u1ea9m kh\u00f4ng th\u1ec3 thi\u1ebfu trong ng\u00e0nh \u0111\u00f3ng g\u00f3i v\u00e0 b\u1ea3o v\u1ec7 h\u00e0ng h\u00f3a. V\u1edbi s\u1ef1 \u0111a d\u1ea1ng v\u1ec1 k\u00edch th\u01b0\u1edbc, trong b\u00e0i vi\u1ebft n\u00e0y ch\u00fang ta s\u1ebd t\u00ecm hi\u1ec3u v\u1ec1 \u1ee9ng d\u1ee5ng v\u00e0 \u0111\u1eb7c \u0111i\u1ec3m c\u1ee7a m\u00e0ng qu\u1ea5n PE t\u1ea1i c\u00e1c k\u00edch th\u01b0\u1edbc ph\u1ed5 bi\u1ebfn: 20cm, 80cm v\u00e0 100cm.<\/p>\n<p><img loading=\"lazy\" decoding=\"async\" class=\"aligncenter size-full wp-image-1177\" src=\"https:\/\/nhuadangphuong.com\/wp-content\/uploads\/2023\/08\/2-12.png\" alt=\"\" width=\"1920\" height=\"2688\" srcset=\"https:\/\/nhuadangphuong.com\/wp-content\/uploads\/2023\/08\/2-12.png 1920w, https:\/\/nhuadangphuong.com\/wp-content\/uploads\/2023\/08\/2-12-800x1120.png 800w, https:\/\/nhuadangphuong.com\/wp-content\/uploads\/2023\/08\/2-12-600x840.png 600w\" sizes=\"auto, (max-width: 1920px) 100vw, 1920px\" \/><\/p>\n<p><strong>M\u00e0ng qu\u1ea5n PE k\u00edch th\u01b0\u1edbc 20cm:<\/strong><\/p>\n<p>M\u00e0ng qu\u1ea5n PE k\u00edch th\u01b0\u1edbc 20cm th\u01b0\u1eddng \u0111\u01b0\u1ee3c s\u1eed d\u1ee5ng cho c\u00e1c m\u1eb7t h\u00e0ng nh\u1ecf v\u00e0 nh\u1eb9, \u0111\u1eb7c bi\u1ec7t l\u00e0 trong vi\u1ec7c \u0111\u00f3ng g\u00f3i v\u00e0 b\u1ea3o v\u1ec7 h\u00e0ng h\u00f3a nh\u01b0 quy\u1ec3n s\u00e1ch, h\u1ed9p qu\u00e0, s\u1ea3n ph\u1ea9m \u0111i\u1ec7n t\u1eed nh\u1ecf, v\u00e0 c\u00e1c m\u00f3n \u0111\u1ed3 trang s\u1ee9c. M\u00e0ng qu\u1ea5n 20cm c\u00f3 nh\u1eefng \u0111\u1eb7c \u0111i\u1ec3m quan tr\u1ecdng sau:<\/p>\n<ul>\n<li><strong>T\u00ednh linh ho\u1ea1t:<\/strong> V\u1edbi k\u00edch th\u01b0\u1edbc nh\u1ecf g\u1ecdn, m\u00e0ng qu\u1ea5n 20cm d\u1ec5 d\u00e0ng b\u1ecdc quanh c\u00e1c h\u00ecnh d\u1ea1ng kh\u00e1c nhau c\u1ee7a h\u00e0ng h\u00f3a.<\/li>\n<li><strong>\u0110\u1ed9 b\u1ec1n \u0111\u1ed1i v\u1edbi m\u1eb7t h\u00e0ng nh\u1eb9:<\/strong> D\u00f9 k\u00edch th\u01b0\u1edbc nh\u1ecf, m\u00e0ng qu\u1ea5n PE v\u1eabn gi\u1eef \u0111\u01b0\u1ee3c t\u00ednh ch\u1ea5t b\u1ec1n v\u00e0 \u0111\u1ed9 d\u1ebbo \u0111\u1ed1i v\u1edbi c\u00e1c m\u1eb7t h\u00e0ng nh\u1eb9.<\/li>\n<\/ul>\n<p><strong>M\u00e0ng qu\u1ea5n PE k\u00edch th\u01b0\u1edbc 80cm:<\/strong><\/p>\n<p>M\u00e0ng qu\u1ea5n PE k\u00edch th\u01b0\u1edbc 80cm th\u01b0\u1eddng \u0111\u01b0\u1ee3c s\u1eed d\u1ee5ng cho c\u00e1c m\u1eb7t h\u00e0ng l\u1edbn h\u01a1n nh\u01b0 pallets, th\u00f9ng carton l\u1edbn, v\u00e0 c\u00e1c s\u1ea3n ph\u1ea9m c\u00f3 k\u00edch th\u01b0\u1edbc v\u1eeba v\u1eb7n. \u1ee8ng d\u1ee5ng ph\u1ed5 bi\u1ebfn c\u1ee7a m\u00e0ng qu\u1ea5n 80cm bao g\u1ed3m:<\/p>\n<ul>\n<li><strong>\u0110\u00f3ng g\u00f3i h\u00e0ng h\u00f3a l\u1edbn:<\/strong> M\u00e0ng qu\u1ea5n PE 80cm c\u00f3 th\u1ec3 b\u1ecdc quanh c\u00e1c pallets v\u00e0 th\u00f9ng carton l\u1edbn, gi\u1eef cho h\u00e0ng h\u00f3a \u0111\u01b0\u1ee3c b\u1ea3o v\u1ec7 kh\u1ecfi b\u1ee5i b\u1ea9n, \u1ea9m \u01b0\u1edbt v\u00e0 h\u01b0 h\u1ecfng trong qu\u00e1 tr\u00ecnh v\u1eadn chuy\u1ec3n v\u00e0 l\u01b0u kho.<\/li>\n<li><strong>Stabilize h\u00e0ng h\u00f3a:<\/strong> M\u00e0ng qu\u1ea5n PE c\u00f3 kh\u1ea3 n\u0103ng b\u00e1m d\u00ednh v\u00e0o ch\u00ednh n\u00f3, gi\u00fap t\u1ea1o th\u00e0nh m\u1ed9t l\u1edbp b\u1ecdc ch\u1eafc ch\u1eafn \u0111\u1ec3 gi\u1eef cho h\u00e0ng h\u00f3a \u1ed5n \u0111\u1ecbnh tr\u00ean pallets.<\/li>\n<\/ul>\n<p><strong>M\u00e0ng qu\u1ea5n PE k\u00edch th\u01b0\u1edbc 100cm:<\/strong><\/p>\n<p>M\u00e0ng qu\u1ea5n PE k\u00edch th\u01b0\u1edbc 100cm th\u01b0\u1eddng \u0111\u01b0\u1ee3c s\u1eed d\u1ee5ng cho c\u00e1c m\u1eb7t h\u00e0ng l\u1edbn, c\u1ed3ng k\u1ec1nh v\u00e0 c\u00f3 k\u00edch th\u01b0\u1edbc kh\u00f4ng \u0111\u1ed3ng \u0111\u1ec1u. \u0110\u1eb7c \u0111i\u1ec3m quan tr\u1ecdng c\u1ee7a m\u00e0ng qu\u1ea5n 100cm bao g\u1ed3m:<\/p>\n<ul>\n<li><strong>B\u1ecdc h\u00e0ng h\u00f3a kh\u00f4ng \u0111\u1ed3ng \u0111\u1ec1u:<\/strong> M\u00e0ng qu\u1ea5n PE 100cm c\u00f3 \u0111\u1ee7 k\u00edch th\u01b0\u1edbc \u0111\u1ec3 b\u1ecdc quanh c\u00e1c m\u1eb7t h\u00e0ng l\u1edbn v\u00e0 c\u00f3 h\u00ecnh d\u00e1ng kh\u00e1c nhau, \u0111\u1ea3m b\u1ea3o r\u1eb1ng ch\u00fang \u0111\u01b0\u1ee3c b\u1ea3o v\u1ec7 to\u00e0n di\u1ec7n.<\/li>\n<li><strong>B\u1ea3o v\u1ec7 kh\u1ecfi y\u1ebfu t\u1ed1 m\u00f4i tr\u01b0\u1eddng:<\/strong> M\u00e0ng qu\u1ea5n PE 100cm b\u1ea3o v\u1ec7 h\u00e0ng h\u00f3a kh\u1ecfi t\u00e1c \u0111\u1ed9ng c\u1ee7a m\u00f4i tr\u01b0\u1eddng nh\u01b0 m\u01b0a, gi\u00f3, v\u00e0 b\u1ee5i b\u1ea9n.<\/li>\n<\/ul>\n<p>T\u00f3m l\u1ea1i, m\u00e0ng qu\u1ea5n PE c\u00f4ng nghi\u1ec7p t\u1ea1i c\u00e1c k\u00edch th\u01b0\u1edbc 20cm, 80cm v\u00e0 100cm \u0111\u1ec1u c\u00f3 vai tr\u00f2 quan tr\u1ecdng trong vi\u1ec7c b\u1ea3o v\u1ec7 v\u00e0 \u0111\u00f3ng g\u00f3i h\u00e0ng h\u00f3a. T\u00f9y theo k\u00edch th\u01b0\u1edbc v\u00e0 \u0111\u1eb7c \u0111i\u1ec3m c\u1ee7a m\u1eb7t h\u00e0ng, b\u1ea1n c\u00f3 th\u1ec3 l\u1ef1a ch\u1ecdn lo\u1ea1i m\u00e0ng qu\u1ea5n ph\u00f9 h\u1ee3p \u0111\u1ec3 \u0111\u1ea3m b\u1ea3o an to\u00e0n v\u00e0 ti\u1ebft ki\u1ec7m trong qu\u00e1 tr\u00ecnh v\u1eadn chuy\u1ec3n v\u00e0 l\u01b0u tr\u1eef.<\/p>\n","protected":false},"excerpt":{"rendered":"<p>&#8220;M\u00e0ng qu\u1ea5n PE c\u00f4ng nghi\u1ec7p: \u1ee8ng d\u1ee5ng v\u00e0 \u0111\u1eb7c \u0111i\u1ec3m t\u1ea1i c\u00e1c k\u00edch th\u01b0\u1edbc 20cm, 80cm v\u00e0 100cm&#8221; M\u00e0ng qu\u1ea5n PE (Polyethylene) c\u00f4ng nghi\u1ec7p l\u00e0 m\u1ed9t s\u1ea3n ph\u1ea9m kh\u00f4ng th\u1ec3 thi\u1ebfu trong ng\u00e0nh \u0111\u00f3ng g\u00f3i v\u00e0 b\u1ea3o v\u1ec7 h\u00e0ng h\u00f3a. V\u1edbi s\u1ef1 \u0111a d\u1ea1ng v\u1ec1 k\u00edch th\u01b0\u1edbc, trong b\u00e0i vi\u1ebft n\u00e0y ch\u00fang ta s\u1ebd t\u00ecm&#8230;<\/p>\n","protected":false},"featured_media":1177,"comment_status":"open","ping_status":"closed","template":"","meta":[],"product_brand":[],"product_cat":[20],"product_tag":[],"class_list":{"0":"post-951","1":"product","2":"type-product","3":"status-publish","4":"has-post-thumbnail","6":"product_cat-mang-quan-pe","8":"first","9":"instock","10":"shipping-taxable","11":"product-type-simple"},"_links":{"self":[{"href":"https:\/\/nhuadangphuong.com\/index.php?rest_route=\/wp\/v2\/product\/951","targetHints":{"allow":["GET"]}}],"collection":[{"href":"https:\/\/nhuadangphuong.com\/index.php?rest_route=\/wp\/v2\/product"}],"about":[{"href":"https:\/\/nhuadangphuong.com\/index.php?rest_route=\/wp\/v2\/types\/product"}],"replies":[{"embeddable":true,"href":"https:\/\/nhuadangphuong.com\/index.php?rest_route=%2Fwp%2Fv2%2Fcomments&post=951"}],"wp:featuredmedia":[{"embeddable":true,"href":"https:\/\/nhuadangphuong.com\/index.php?rest_route=\/wp\/v2\/media\/1177"}],"wp:attachment":[{"href":"https:\/\/nhuadangphuong.com\/index.php?rest_route=%2Fwp%2Fv2%2Fmedia&parent=951"}],"wp:term":[{"taxonomy":"product_brand","embeddable":true,"href":"https:\/\/nhuadangphuong.com\/index.php?rest_route=%2Fwp%2Fv2%2Fproduct_brand&post=951"},{"taxonomy":"product_cat","embeddable":true,"href":"https:\/\/nhuadangphuong.com\/index.php?rest_route=%2Fwp%2Fv2%2Fproduct_cat&post=951"},{"taxonomy":"product_tag","embeddable":true,"href":"https:\/\/nhuadangphuong.com\/index.php?rest_route=%2Fwp%2Fv2%2Fproduct_tag&post=951"}],"curies":[{"name":"wp","href":"https:\/\/api.w.org\/{rel}","templated":true}]}}