{"id":747,"date":"2023-04-19T03:18:59","date_gmt":"2023-04-19T03:18:59","guid":{"rendered":"https:\/\/nhuadangphuong.com\/?post_type=product&#038;p=747"},"modified":"2026-04-17T23:42:54","modified_gmt":"2026-04-17T23:42:54","slug":"hat-nhua-nguyen-sinh-ldpe-4023wn","status":"publish","type":"product","link":"https:\/\/nhuadangphuong.com\/?product=hat-nhua-nguyen-sinh-ldpe-4023wn","title":{"rendered":"Ha\u0323t nh\u01b0\u0323a nguy\u00ean sinh LDPE 4023WN"},"content":{"rendered":"<div><strong>H\u1ea1t Nh\u1ef1a LDPE 4023WN: \u0110\u1eb7c \u0110i\u1ec3m v\u00e0 \u1ee8ng D\u1ee5ng<\/strong><\/div>\n<div><\/div>\n<div>H\u1ea1t nh\u1ef1a LDPE 4023WN l\u00e0 m\u1ed9t lo\u1ea1i nh\u1ef1a polyethylene th\u1ea5p \u00e1p l\u1ef1c (Low-Density Polyethylene &#8211; LDPE) c\u00f3 t\u00ednh ch\u1ea5t \u0111\u1ed9n \u0111\u1eb7c, linh ho\u1ea1t v\u00e0 c\u00f3 \u1ee9ng d\u1ee5ng \u0111a d\u1ea1ng trong nhi\u1ec1u ng\u00e0nh c\u00f4ng nghi\u1ec7p. D\u01b0\u1edbi \u0111\u00e2y l\u00e0 m\u1ed9t s\u1ed1 th\u00f4ng tin v\u1ec1 lo\u1ea1i h\u1ea1t nh\u1ef1a n\u00e0y v\u00e0 c\u00e1c \u1ee9ng d\u1ee5ng ph\u1ed5 bi\u1ebfn c\u1ee7a n\u00f3.<\/div>\n<div><img loading=\"lazy\" decoding=\"async\" class=\"aligncenter size-full wp-image-906\" src=\"https:\/\/nhuadangphuong.com\/wp-content\/uploads\/2023\/08\/HAT-NHUA.png\" alt=\"\" width=\"2245\" height=\"1587\" srcset=\"https:\/\/nhuadangphuong.com\/wp-content\/uploads\/2023\/08\/HAT-NHUA.png 2245w, https:\/\/nhuadangphuong.com\/wp-content\/uploads\/2023\/08\/HAT-NHUA-800x566.png 800w, https:\/\/nhuadangphuong.com\/wp-content\/uploads\/2023\/08\/HAT-NHUA-600x424.png 600w\" sizes=\"auto, (max-width: 2245px) 100vw, 2245px\" \/><\/div>\n<div><strong>\u0110\u1eb7c \u0110i\u1ec3m C\u1ee7a H\u1ea1t Nh\u1ef1a LDPE 4023WN:<\/strong><\/div>\n<div><\/div>\n<div><strong>1. T\u00ednh Ch\u1ea5t \u0110\u1ed9n \u0110\u1eb7c:<\/strong> H\u1ea1t nh\u1ef1a LDPE 4023WN c\u00f3 t\u00ednh ch\u1ea5t \u0111\u1ed9n \u0111\u1eb7c, c\u00f3 kh\u1ea3 n\u0103ng t\u1ea1o ra c\u00e1c s\u1ea3n ph\u1ea9m c\u00f3 \u0111\u1ed9 b\u1ec1n cao v\u00e0 kh\u1ea3 n\u0103ng ch\u1ed1ng \u0111\u1ee9t g\u00e3y t\u1ed1t. \u0110i\u1ec1u n\u00e0y l\u00e0m cho n\u00f3 tr\u1edf th\u00e0nh l\u1ef1a ch\u1ecdn \u01b0a th\u00edch cho c\u00e1c \u1ee9ng d\u1ee5ng y\u00eau c\u1ea7u kh\u1ea3 n\u0103ng ch\u1ecbu l\u1ef1c v\u00e0 b\u1ec1n b\u1ec9.<\/div>\n<div><\/div>\n<div><strong>2. \u0110\u1ed9 Trong Su\u1ed1t:<\/strong> M\u1eb7c d\u00f9 l\u00e0 m\u1ed9t lo\u1ea1i nh\u1ef1a c\u00f3 m\u1eadt \u0111\u1ed9 th\u1ea5p, LDPE 4023WN th\u01b0\u1eddng c\u00f3 \u0111\u1ed9 trong su\u1ed1t kh\u00e1 t\u1ed1t, cho ph\u00e9p n\u00f3 \u0111\u01b0\u1ee3c s\u1eed d\u1ee5ng trong vi\u1ec7c s\u1ea3n xu\u1ea5t c\u00e1c s\u1ea3n ph\u1ea9m c\u1ea7n t\u00ednh th\u1ea9m m\u1ef9 nh\u01b0 bao b\u00ec trong su\u1ed1t hay \u1ed1ng d\u1eabn n\u01b0\u1edbc.<\/div>\n<div><\/div>\n<div><strong>3. Kh\u1ea3 N\u0103ng D\u1ebbo Dai v\u00e0 \u0110\u00e0n H\u1ed3i:<\/strong> LDPE th\u01b0\u1eddng c\u00f3 t\u00ednh ch\u1ea5t d\u1ebbo dai v\u00e0 \u0111\u00e0n h\u1ed3i t\u1ed1t, gi\u00fap n\u00f3 d\u1ec5 d\u00e0ng \u0111\u01b0\u1ee3c u\u1ed1n cong v\u00e0 du\u1ed7i ra m\u00e0 kh\u00f4ng b\u1ecb bi\u1ebfn d\u1ea1ng. \u0110i\u1ec1u n\u00e0y l\u00e0m cho n\u00f3 ph\u00f9 h\u1ee3p cho vi\u1ec7c s\u1ea3n xu\u1ea5t c\u00e1c s\u1ea3n ph\u1ea9m linh ho\u1ea1t nh\u01b0 t\u00fai, b\u1ecdc th\u1ef1c ph\u1ea9m, v\u00e0 s\u1ea3n ph\u1ea9m \u0111\u00f3ng g\u00f3i linh ho\u1ea1t kh\u00e1c.<\/div>\n<div><\/div>\n<div><strong>\u1ee8ng D\u1ee5ng Ph\u1ed5 Bi\u1ebfn C\u1ee7a H\u1ea1t Nh\u1ef1a LDPE 4023WN:<\/strong><\/div>\n<div><\/div>\n<div><strong>1. Bao B\u00ec v\u00e0 T\u00fai Nh\u1ef1a:<\/strong> V\u1edbi t\u00ednh ch\u1ea5t \u0111\u00e0n h\u1ed3i v\u00e0 kh\u1ea3 n\u0103ng ch\u1ed1ng th\u1ea5m t\u1ed1t, LDPE 4023WN th\u01b0\u1eddng \u0111\u01b0\u1ee3c s\u1eed d\u1ee5ng \u0111\u1ec3 s\u1ea3n xu\u1ea5t c\u00e1c t\u00fai mua s\u1eafm, t\u00fai \u0111\u1ef1ng th\u1ef1c ph\u1ea9m, t\u00fai \u0111\u1ef1ng h\u00f3a ch\u1ea5t v\u00e0 nhi\u1ec1u lo\u1ea1i bao b\u00ec linh ho\u1ea1t kh\u00e1c.<\/div>\n<div><\/div>\n<div><strong>2. \u1ed0ng D\u1eabn N\u01b0\u1edbc:<\/strong> \u0110\u1ed9 trong su\u1ed1t v\u00e0 kh\u1ea3 n\u0103ng ch\u1ed1ng th\u1ea5m t\u1ed1t c\u1ee7a LDPE 4023WN th\u01b0\u1eddng \u0111\u01b0\u1ee3c \u00e1p d\u1ee5ng trong s\u1ea3n xu\u1ea5t \u1ed1ng d\u1eabn n\u01b0\u1edbc v\u00e0 c\u00e1c s\u1ea3n ph\u1ea9m li\u00ean quan \u0111\u1ebfn vi\u1ec7c v\u1eadn chuy\u1ec3n n\u01b0\u1edbc v\u00e0 ch\u1ea5t l\u1ecfng.<\/div>\n<div><\/div>\n<div><strong>3. S\u1ea3n Ph\u1ea9m \u0110\u00fac \u00c9p Nh\u01b0 X\u1ed1p Nh\u1ef1a:<\/strong> LDPE c\u0169ng th\u01b0\u1eddng \u0111\u01b0\u1ee3c s\u1eed d\u1ee5ng \u0111\u1ec3 s\u1ea3n xu\u1ea5t c\u00e1c s\u1ea3n ph\u1ea9m \u0111\u00fac \u00e9p nh\u01b0 x\u1ed1p nh\u1ef1a, b\u00f4ng g\u00f2n v\u00e0 c\u00e1c s\u1ea3n ph\u1ea9m ch\u1ed1ng va \u0111\u1eadp nh\u01b0 mi\u1ebfng \u0111\u1ec7m, g\u00f3i \u0111\u1ec7m v\u00e0 l\u1edbp b\u1ea3o v\u1ec7.<\/div>\n<div><\/div>\n<div><strong>4. S\u1ea3n Ph\u1ea9m C\u00f4ng Nghi\u1ec7p:<\/strong> LDPE c\u00f3 kh\u1ea3 n\u0103ng c\u00e1ch \u0111i\u1ec7n v\u00e0 ch\u1ed1ng h\u00f3a ch\u1ea5t t\u1ed1t, cho ph\u00e9p n\u00f3 \u0111\u01b0\u1ee3c s\u1eed d\u1ee5ng trong s\u1ea3n xu\u1ea5t c\u00e1c s\u1ea3n ph\u1ea9m c\u00f4ng nghi\u1ec7p nh\u01b0 m\u00e0ng b\u1ea3o v\u1ec7, t\u1ea5m c\u00e1ch nhi\u1ec7t v\u00e0 v\u1eadt li\u1ec7u ch\u1ed1ng \u0103n m\u00f2n.<\/div>\n<div><\/div>\n<div><strong>5. S\u1ea3n Xu\u1ea5t \u0110\u1ed3 Ch\u01a1i v\u00e0 S\u1ea3n Ph\u1ea9m Ti\u00eau D\u00f9ng:<\/strong> V\u1edbi t\u00ednh ch\u1ea5t an to\u00e0n v\u00e0 kh\u1ea3 n\u0103ng t\u00e1i ch\u1ebf, LDPE 4023WN c\u0169ng th\u01b0\u1eddng \u0111\u01b0\u1ee3c s\u1eed d\u1ee5ng trong s\u1ea3n xu\u1ea5t \u0111\u1ed3 ch\u01a1i, s\u1ea3n ph\u1ea9m ti\u00eau d\u00f9ng, v\u00e0 c\u00e1c s\u1ea3n ph\u1ea9m d\u00f9ng h\u00e0ng ng\u00e0y.<\/div>\n<div><\/div>\n<div>T\u00f3m l\u1ea1i, h\u1ea1t nh\u1ef1a LDPE 4023WN l\u00e0 m\u1ed9t nguy\u00ean li\u1ec7u linh ho\u1ea1t v\u00e0 c\u00f3 \u0111a d\u1ea1ng \u1ee9ng d\u1ee5ng. V\u1edbi t\u00ednh ch\u1ea5t \u0111\u1ed9n \u0111\u1eb7c, kh\u1ea3 n\u0103ng d\u1ebbo dai v\u00e0 \u0111\u00e0n h\u1ed3i, n\u00f3 \u0111\u00e3 th\u1ec3 hi\u1ec7n s\u1ef1 hi\u1ec7u qu\u1ea3 trong nhi\u1ec1u ng\u00e0nh c\u00f4ng nghi\u1ec7p v\u00e0 \u1ee9ng d\u1ee5ng kh\u00e1c nhau.<\/div>\n","protected":false},"excerpt":{"rendered":"<p>H\u1ea1t Nh\u1ef1a LDPE 4023WN: \u0110\u1eb7c \u0110i\u1ec3m v\u00e0 \u1ee8ng D\u1ee5ng H\u1ea1t nh\u1ef1a LDPE 4023WN l\u00e0 m\u1ed9t lo\u1ea1i nh\u1ef1a polyethylene th\u1ea5p \u00e1p l\u1ef1c (Low-Density Polyethylene &#8211; LDPE) c\u00f3 t\u00ednh ch\u1ea5t \u0111\u1ed9n \u0111\u1eb7c, linh ho\u1ea1t v\u00e0 c\u00f3 \u1ee9ng d\u1ee5ng \u0111a d\u1ea1ng trong nhi\u1ec1u ng\u00e0nh c\u00f4ng nghi\u1ec7p. D\u01b0\u1edbi \u0111\u00e2y l\u00e0 m\u1ed9t s\u1ed1 th\u00f4ng tin v\u1ec1 lo\u1ea1i h\u1ea1t nh\u1ef1a n\u00e0y&#8230;<\/p>\n","protected":false},"featured_media":1107,"comment_status":"open","ping_status":"closed","template":"","meta":[],"product_brand":[],"product_cat":[15,26],"product_tag":[],"class_list":{"0":"post-747","1":"product","2":"type-product","3":"status-publish","4":"has-post-thumbnail","6":"product_cat-sp-noi-bat","7":"product_cat-hat-nhua","9":"first","10":"instock","11":"shipping-taxable","12":"product-type-simple"},"_links":{"self":[{"href":"https:\/\/nhuadangphuong.com\/index.php?rest_route=\/wp\/v2\/product\/747","targetHints":{"allow":["GET"]}}],"collection":[{"href":"https:\/\/nhuadangphuong.com\/index.php?rest_route=\/wp\/v2\/product"}],"about":[{"href":"https:\/\/nhuadangphuong.com\/index.php?rest_route=\/wp\/v2\/types\/product"}],"replies":[{"embeddable":true,"href":"https:\/\/nhuadangphuong.com\/index.php?rest_route=%2Fwp%2Fv2%2Fcomments&post=747"}],"wp:featuredmedia":[{"embeddable":true,"href":"https:\/\/nhuadangphuong.com\/index.php?rest_route=\/wp\/v2\/media\/1107"}],"wp:attachment":[{"href":"https:\/\/nhuadangphuong.com\/index.php?rest_route=%2Fwp%2Fv2%2Fmedia&parent=747"}],"wp:term":[{"taxonomy":"product_brand","embeddable":true,"href":"https:\/\/nhuadangphuong.com\/index.php?rest_route=%2Fwp%2Fv2%2Fproduct_brand&post=747"},{"taxonomy":"product_cat","embeddable":true,"href":"https:\/\/nhuadangphuong.com\/index.php?rest_route=%2Fwp%2Fv2%2Fproduct_cat&post=747"},{"taxonomy":"product_tag","embeddable":true,"href":"https:\/\/nhuadangphuong.com\/index.php?rest_route=%2Fwp%2Fv2%2Fproduct_tag&post=747"}],"curies":[{"name":"wp","href":"https:\/\/api.w.org\/{rel}","templated":true}]}}