{"id":667,"date":"2023-04-19T02:30:29","date_gmt":"2023-04-19T02:30:29","guid":{"rendered":"https:\/\/nhuadangphuong.com\/?post_type=product&#038;p=667"},"modified":"2026-04-14T12:10:08","modified_gmt":"2026-04-14T12:10:08","slug":"mang-quan-pe-mau-den","status":"publish","type":"product","link":"https:\/\/nhuadangphuong.com\/?product=mang-quan-pe-mau-den","title":{"rendered":"Ma\u0300ng qu\u00e2\u0301n PE ma\u0300u \u0111en"},"content":{"rendered":"<div><strong>M\u00e0ng qu\u1ea5n PE c\u00f4ng nghi\u1ec7p m\u00e0u \u0111en: \u1ee8ng d\u1ee5ng v\u00e0 \u0110\u1eb7c \u0111i\u1ec3m<\/strong><\/div>\n<div><\/div>\n<div>M\u00e0ng qu\u1ea5n PE (Polyethylene) c\u00f4ng nghi\u1ec7p m\u00e0u \u0111en l\u00e0 m\u1ed9t s\u1ea3n ph\u1ea9m quan tr\u1ecdng trong ng\u00e0nh \u0111\u00f3ng g\u00f3i v\u00e0 v\u1eadn chuy\u1ec3n h\u00e0ng h\u00f3a. S\u1ef1 k\u1ebft h\u1ee3p gi\u1eefa t\u00ednh linh ho\u1ea1t, \u0111\u1ed9 b\u1ec1n v\u00e0 kh\u1ea3 n\u0103ng b\u1ea3o v\u1ec7 \u0111\u00e3 l\u00e0m cho m\u00e0ng qu\u1ea5n PE m\u00e0u \u0111en tr\u1edf th\u00e0nh m\u1ed9t l\u1ef1a ch\u1ecdn ph\u1ed5 bi\u1ebfn cho nhi\u1ec1u \u1ee9ng d\u1ee5ng kh\u00e1c nhau. Trong b\u00e0i vi\u1ebft n\u00e0y, ch\u00fang ta s\u1ebd t\u00ecm hi\u1ec3u v\u1ec1 \u1ee9ng d\u1ee5ng v\u00e0 \u0111\u1eb7c \u0111i\u1ec3m n\u1ed5i b\u1eadt c\u1ee7a m\u00e0ng qu\u1ea5n PE c\u00f4ng nghi\u1ec7p m\u00e0u \u0111en.<\/div>\n<div><img loading=\"lazy\" decoding=\"async\" class=\"aligncenter size-full wp-image-921\" src=\"https:\/\/nhuadangphuong.com\/wp-content\/uploads\/2023\/08\/3-1.png\" alt=\"\" width=\"2245\" height=\"1587\" srcset=\"https:\/\/nhuadangphuong.com\/wp-content\/uploads\/2023\/08\/3-1.png 2245w, https:\/\/nhuadangphuong.com\/wp-content\/uploads\/2023\/08\/3-1-800x566.png 800w, https:\/\/nhuadangphuong.com\/wp-content\/uploads\/2023\/08\/3-1-600x424.png 600w\" sizes=\"auto, (max-width: 2245px) 100vw, 2245px\" \/><\/div>\n<div><strong>\u1ee8ng d\u1ee5ng c\u1ee7a m\u00e0ng qu\u1ea5n PE m\u00e0u \u0111en:<\/strong><\/div>\n<div><\/div>\n<div><strong>1. B\u1ea3o v\u1ec7 kh\u1ecfi t\u00e1c \u0111\u1ed9ng \u00e1nh n\u1eafng m\u1eb7t tr\u1eddi:<\/strong> M\u00e0ng qu\u1ea5n PE m\u00e0u \u0111en th\u01b0\u1eddng \u0111\u01b0\u1ee3c s\u1eed d\u1ee5ng \u0111\u1ec3 b\u1ecdc quanh c\u00e1c m\u1eb7t h\u00e0ng nh\u01b0 pallets, th\u00f9ng carton, v\u00e0 s\u1ea3n ph\u1ea9m d\u1ec5 b\u1ecb t\u1ed5n th\u01b0\u01a1ng b\u1edfi t\u00e1c \u0111\u1ed9ng c\u1ee7a \u00e1nh n\u1eafng m\u1eb7t tr\u1eddi. M\u00e0u \u0111en gi\u00fap h\u1ea5p th\u1ee5 v\u00e0 t\u1ea3n nhi\u1ec7t t\u1ed1t h\u01a1n, gi\u1ea3m thi\u1ec3u t\u00e1c \u0111\u1ed9ng c\u1ee7a nhi\u1ec7t \u0111\u1ed9 cao l\u00ean h\u00e0ng h\u00f3a b\u00ean trong.<\/div>\n<div><\/div>\n<div><strong>2. An ninh v\u00e0 b\u1ea3o m\u1eadt:<\/strong> M\u00e0ng qu\u1ea5n PE m\u00e0u \u0111en c\u00f3 th\u1ec3 \u0111\u01b0\u1ee3c s\u1eed d\u1ee5ng \u0111\u1ec3 b\u1ecdc quanh c\u00e1c h\u00e0ng h\u00f3a nh\u1ea1y c\u1ea3m ho\u1eb7c c\u00f3 gi\u00e1 tr\u1ecb cao, gi\u1eef cho ch\u00fang kh\u00f4ng th\u1ec3 nh\u00ecn th\u1ea5y t\u1eeb b\u00ean ngo\u00e0i. \u0110i\u1ec1u n\u00e0y t\u1ea1o ra m\u1ed9t l\u1edbp b\u1ea3o v\u1ec7 an ninh, ng\u0103n c\u1ea3n vi\u1ec7c l\u1ed9 th\u00f4ng tin v\u1ec1 n\u1ed9i dung c\u1ee7a h\u00e0ng h\u00f3a.<\/div>\n<div><\/div>\n<div><strong>3. \u1ee8ng d\u1ee5ng trong x\u00e2y d\u1ef1ng v\u00e0 x\u1eed l\u00fd:<\/strong> M\u00e0ng qu\u1ea5n PE m\u00e0u \u0111en c\u0169ng \u0111\u01b0\u1ee3c s\u1eed d\u1ee5ng trong ng\u00e0nh x\u00e2y d\u1ef1ng v\u00e0 x\u1eed l\u00fd, nh\u01b0 vi\u1ec7c b\u1ecdc quanh c\u00e1c b\u1ed9 ph\u1eadn m\u00e1y m\u00f3c, \u1ed1ng d\u1eabn, v\u00e0 c\u00e1c c\u1ea5u ki\u1ec7n kh\u00e1c \u0111\u1ec3 b\u1ea3o v\u1ec7 kh\u1ecfi b\u1ee5i b\u1ea9n, \u1ea9m \u01b0\u1edbt, v\u00e0 t\u00e1c \u0111\u1ed9ng c\u01a1 h\u1ecdc.<\/div>\n<div><\/div>\n<div><strong>\u0110\u1eb7c \u0111i\u1ec3m n\u1ed5i b\u1eadt c\u1ee7a m\u00e0ng qu\u1ea5n PE m\u00e0u \u0111en:<\/strong><\/div>\n<div><\/div>\n<div><strong>1. T\u00ednh ch\u1ea5t ch\u1ed1ng tia UV:<\/strong> M\u00e0ng qu\u1ea5n PE m\u00e0u \u0111en th\u01b0\u1eddng \u0111\u01b0\u1ee3c gia c\u1ed1 b\u1eb1ng c\u00e1c ch\u1ea5t ph\u1ee5 gia ch\u1ed1ng tia UV, gi\u00fap h\u1ea1n ch\u1ebf t\u00e1c \u0111\u1ed9ng c\u1ee7a \u00e1nh n\u1eafng m\u1eb7t tr\u1eddi v\u00e0 k\u00e9o d\u00e0i tu\u1ed5i th\u1ecd c\u1ee7a m\u00e0ng.<\/div>\n<div><\/div>\n<div><strong>2. \u0110\u1ed9 b\u1ec1n v\u00e0 ch\u1ed1ng r\u00e1ch t\u1ed1t:<\/strong> M\u00e0ng qu\u1ea5n PE c\u00f3 kh\u1ea3 n\u0103ng ch\u1ecbu \u0111\u01b0\u1ee3c c\u00e1c t\u00e1c \u0111\u1ed9ng va \u0111\u1eadp v\u00e0 c\u0103ng th\u1eb3ng trong qu\u00e1 tr\u00ecnh v\u1eadn chuy\u1ec3n v\u00e0 l\u01b0u tr\u1eef.<\/div>\n<div><\/div>\n<div><strong>3. T\u00ednh linh ho\u1ea1t:<\/strong> M\u00e0ng qu\u1ea5n PE m\u00e0u \u0111en d\u1ec5 d\u00e0ng b\u1ecdc quanh c\u00e1c h\u00ecnh d\u1ea1ng v\u00e0 k\u00edch th\u01b0\u1edbc kh\u00e1c nhau c\u1ee7a h\u00e0ng h\u00f3a.<\/div>\n<div><\/div>\n<div><strong>4. Kh\u1ea3 n\u0103ng b\u00e1m d\u00ednh t\u1ed1t:<\/strong> M\u00e0ng qu\u1ea5n PE m\u00e0u \u0111en c\u00f3 kh\u1ea3 n\u0103ng b\u00e1m d\u00ednh v\u00e0o ch\u00ednh n\u00f3, gi\u00fap t\u1ea1o th\u00e0nh m\u1ed9t l\u1edbp b\u1ecdc ch\u1eafc ch\u1eafn v\u00e0 an to\u00e0n cho h\u00e0ng h\u00f3a.<\/div>\n<div><\/div>\n<div><strong>5. T\u00f9y ch\u1ecdn th\u00e2n thi\u1ec7n v\u1edbi m\u00f4i tr\u01b0\u1eddng:<\/strong> M\u1ed9t s\u1ed1 lo\u1ea1i m\u00e0ng qu\u1ea5n PE m\u00e0u \u0111en \u0111\u01b0\u1ee3c s\u1ea3n xu\u1ea5t t\u1eeb nguy\u00ean li\u1ec7u t\u00e1i ch\u1ebf, gi\u00fap gi\u1ea3m t\u00e1c \u0111\u1ed9ng \u0111\u1ebfn m\u00f4i tr\u01b0\u1eddng.<\/div>\n<div><\/div>\n<div>T\u00f3m l\u1ea1i, m\u00e0ng qu\u1ea5n PE c\u00f4ng nghi\u1ec7p m\u00e0u \u0111en c\u00f3 nhi\u1ec1u \u1ee9ng d\u1ee5ng v\u00e0 \u0111\u1eb7c \u0111i\u1ec3m \u0111\u1ed9c \u0111\u00e1o, l\u00e0 l\u1ef1a ch\u1ecdn l\u00fd t\u01b0\u1edfng \u0111\u1ec3 b\u1ea3o v\u1ec7, \u0111\u00f3ng g\u00f3i v\u00e0 v\u1eadn chuy\u1ec3n h\u00e0ng h\u00f3a trong nhi\u1ec1u ng\u00e0nh c\u00f4ng nghi\u1ec7p kh\u00e1c nhau. M\u00e0u \u0111en \u0111\u1eb7c bi\u1ec7t h\u1eefu \u00edch trong vi\u1ec7c b\u1ea3o v\u1ec7 kh\u1ecfi t\u00e1c \u0111\u1ed9ng c\u1ee7a \u00e1nh n\u1eafng m\u1eb7t tr\u1eddi v\u00e0 \u0111\u1ea3m b\u1ea3o an ninh cho h\u00e0ng h\u00f3a quan tr\u1ecdng.<\/div>\n","protected":false},"excerpt":{"rendered":"<p>M\u00e0ng qu\u1ea5n PE c\u00f4ng nghi\u1ec7p m\u00e0u \u0111en: \u1ee8ng d\u1ee5ng v\u00e0 \u0110\u1eb7c \u0111i\u1ec3m M\u00e0ng qu\u1ea5n PE (Polyethylene) c\u00f4ng nghi\u1ec7p m\u00e0u \u0111en l\u00e0 m\u1ed9t s\u1ea3n ph\u1ea9m quan tr\u1ecdng trong ng\u00e0nh \u0111\u00f3ng g\u00f3i v\u00e0 v\u1eadn chuy\u1ec3n h\u00e0ng h\u00f3a. S\u1ef1 k\u1ebft h\u1ee3p gi\u1eefa t\u00ednh linh ho\u1ea1t, \u0111\u1ed9 b\u1ec1n v\u00e0 kh\u1ea3 n\u0103ng b\u1ea3o v\u1ec7 \u0111\u00e3 l\u00e0m cho m\u00e0ng qu\u1ea5n PE&#8230;<\/p>\n","protected":false},"featured_media":1178,"comment_status":"open","ping_status":"closed","template":"","meta":[],"product_brand":[],"product_cat":[20],"product_tag":[],"class_list":{"0":"post-667","1":"product","2":"type-product","3":"status-publish","4":"has-post-thumbnail","6":"product_cat-mang-quan-pe","8":"first","9":"instock","10":"shipping-taxable","11":"product-type-simple"},"_links":{"self":[{"href":"https:\/\/nhuadangphuong.com\/index.php?rest_route=\/wp\/v2\/product\/667","targetHints":{"allow":["GET"]}}],"collection":[{"href":"https:\/\/nhuadangphuong.com\/index.php?rest_route=\/wp\/v2\/product"}],"about":[{"href":"https:\/\/nhuadangphuong.com\/index.php?rest_route=\/wp\/v2\/types\/product"}],"replies":[{"embeddable":true,"href":"https:\/\/nhuadangphuong.com\/index.php?rest_route=%2Fwp%2Fv2%2Fcomments&post=667"}],"wp:featuredmedia":[{"embeddable":true,"href":"https:\/\/nhuadangphuong.com\/index.php?rest_route=\/wp\/v2\/media\/1178"}],"wp:attachment":[{"href":"https:\/\/nhuadangphuong.com\/index.php?rest_route=%2Fwp%2Fv2%2Fmedia&parent=667"}],"wp:term":[{"taxonomy":"product_brand","embeddable":true,"href":"https:\/\/nhuadangphuong.com\/index.php?rest_route=%2Fwp%2Fv2%2Fproduct_brand&post=667"},{"taxonomy":"product_cat","embeddable":true,"href":"https:\/\/nhuadangphuong.com\/index.php?rest_route=%2Fwp%2Fv2%2Fproduct_cat&post=667"},{"taxonomy":"product_tag","embeddable":true,"href":"https:\/\/nhuadangphuong.com\/index.php?rest_route=%2Fwp%2Fv2%2Fproduct_tag&post=667"}],"curies":[{"name":"wp","href":"https:\/\/api.w.org\/{rel}","templated":true}]}}