{"id":661,"date":"2023-04-19T02:29:35","date_gmt":"2023-04-19T02:29:35","guid":{"rendered":"https:\/\/nhuadangphuong.com\/?post_type=product&#038;p=661"},"modified":"2026-04-17T23:48:02","modified_gmt":"2026-04-17T23:48:02","slug":"mang-quan-pe-mau-xanh","status":"publish","type":"product","link":"https:\/\/nhuadangphuong.com\/?product=mang-quan-pe-mau-xanh","title":{"rendered":"Ma\u0300ng qu\u00e2\u0301n PE ma\u0300u xanh"},"content":{"rendered":"<div><strong>M\u00e0ng qu\u1ea5n PE c\u00f4ng nghi\u1ec7p m\u00e0u xanh: \u1ee8ng d\u1ee5ng v\u00e0 \u0110\u1eb7c \u0111i\u1ec3m<\/strong><\/div>\n<div><\/div>\n<div>M\u00e0ng qu\u1ea5n PE (Polyethylene) c\u00f4ng nghi\u1ec7p m\u00e0u xanh l\u00e0 m\u1ed9t s\u1ea3n ph\u1ea9m quan tr\u1ecdng trong l\u0129nh v\u1ef1c \u0111\u00f3ng g\u00f3i v\u00e0 v\u1eadn chuy\u1ec3n h\u00e0ng h\u00f3a. S\u1ef1 k\u1ebft h\u1ee3p gi\u1eefa t\u00ednh linh ho\u1ea1t, \u0111\u1ed9 b\u1ec1n v\u00e0 kh\u1ea3 n\u0103ng b\u1ea3o v\u1ec7 \u0111\u00e3 l\u00e0m cho m\u00e0ng qu\u1ea5n PE m\u00e0u xanh tr\u1edf th\u00e0nh m\u1ed9t l\u1ef1a ch\u1ecdn ph\u1ed5 bi\u1ebfn cho nhi\u1ec1u \u1ee9ng d\u1ee5ng kh\u00e1c nhau. Trong b\u00e0i vi\u1ebft n\u00e0y, ch\u00fang ta s\u1ebd t\u00ecm hi\u1ec3u v\u1ec1 \u1ee9ng d\u1ee5ng v\u00e0 \u0111\u1eb7c \u0111i\u1ec3m n\u1ed5i b\u1eadt c\u1ee7a m\u00e0ng qu\u1ea5n PE c\u00f4ng nghi\u1ec7p m\u00e0u xanh.<\/div>\n<div><img loading=\"lazy\" decoding=\"async\" class=\"aligncenter size-full wp-image-922\" src=\"https:\/\/nhuadangphuong.com\/wp-content\/uploads\/2023\/08\/4-1.png\" alt=\"\" width=\"2245\" height=\"1587\" srcset=\"https:\/\/nhuadangphuong.com\/wp-content\/uploads\/2023\/08\/4-1.png 2245w, https:\/\/nhuadangphuong.com\/wp-content\/uploads\/2023\/08\/4-1-800x566.png 800w, https:\/\/nhuadangphuong.com\/wp-content\/uploads\/2023\/08\/4-1-600x424.png 600w\" sizes=\"auto, (max-width: 2245px) 100vw, 2245px\" \/><\/div>\n<div><strong>\u1ee8ng d\u1ee5ng c\u1ee7a m\u00e0ng qu\u1ea5n PE m\u00e0u xanh:<\/strong><\/div>\n<div><\/div>\n<div><strong>1. S\u1ea3n xu\u1ea5t n\u00f4ng nghi\u1ec7p v\u00e0 th\u1ef1c ph\u1ea9m:<\/strong> M\u00e0ng qu\u1ea5n PE m\u00e0u xanh th\u01b0\u1eddng \u0111\u01b0\u1ee3c s\u1eed d\u1ee5ng \u0111\u1ec3 b\u1ecdc quanh c\u00e1c bao b\u00ec th\u1ef1c ph\u1ea9m nh\u01b0 rau c\u1ee7, tr\u00e1i c\u00e2y, v\u00e0 c\u00e1c s\u1ea3n ph\u1ea9m n\u00f4ng s\u1ea3n kh\u00e1c. M\u00e0u xanh th\u01b0\u1eddng li\u00ean k\u1ebft v\u1edbi m\u00f4i tr\u01b0\u1eddng v\u00e0 an to\u00e0n th\u1ef1c ph\u1ea9m, t\u1ea1o s\u1ef1 y\u00ean t\u00e2m cho ng\u01b0\u1eddi ti\u00eau d\u00f9ng v\u1ec1 t\u00ednh an to\u00e0n c\u1ee7a s\u1ea3n ph\u1ea9m.<\/div>\n<div><\/div>\n<div><strong>2. \u0110\u00f3ng g\u00f3i c\u00e1c s\u1ea3n ph\u1ea9m h\u00f3a h\u1ecdc:<\/strong> M\u00e0ng qu\u1ea5n PE m\u00e0u xanh c\u0169ng \u0111\u01b0\u1ee3c s\u1eed d\u1ee5ng trong vi\u1ec7c \u0111\u00f3ng g\u00f3i c\u00e1c s\u1ea3n ph\u1ea9m h\u00f3a ch\u1ea5t, thu\u1ed1c tr\u1eeb s\u00e2u, ph\u00e2n b\u00f3n v\u00e0 c\u00e1c ch\u1ea5t \u0103n m\u00f2n kh\u00e1c. M\u00e0u xanh th\u01b0\u1eddng \u0111\u01b0\u1ee3c li\u00ean k\u1ebft v\u1edbi nguy\u00ean li\u1ec7u h\u00f3a h\u1ecdc v\u00e0 an to\u00e0n trong vi\u1ec7c x\u1eed l\u00fd.<\/div>\n<div><\/div>\n<div><strong>3. B\u1ea3o v\u1ec7 h\u00e0ng h\u00f3a \u0111\u1ed9c h\u1ea1i:<\/strong> M\u00e0ng qu\u1ea5n PE m\u00e0u xanh c\u00f3 th\u1ec3 \u0111\u01b0\u1ee3c s\u1eed d\u1ee5ng \u0111\u1ec3 b\u1ecdc quanh c\u00e1c h\u00e0ng h\u00f3a \u0111\u1ed9c h\u1ea1i, nguy\u00ean li\u1ec7u nh\u1ea1y c\u1ea3m ho\u1eb7c c\u00e1c s\u1ea3n ph\u1ea9m c\u00f3 y\u00eau c\u1ea7u \u0111\u1eb7c bi\u1ec7t v\u1ec1 an to\u00e0n v\u00e0 qu\u1ea3n l\u00fd r\u1ee7i ro.<\/div>\n<div><\/div>\n<div><strong>\u0110\u1eb7c \u0111i\u1ec3m n\u1ed5i b\u1eadt c\u1ee7a m\u00e0ng qu\u1ea5n PE m\u00e0u xanh:<\/strong><\/div>\n<div><\/div>\n<div><strong>1. An to\u00e0n v\u00e0 ph\u00e2n bi\u1ec7t:<\/strong> M\u00e0u xanh l\u00e0 bi\u1ec3u t\u01b0\u1ee3ng c\u1ee7a m\u00f4i tr\u01b0\u1eddng v\u00e0 an to\u00e0n. M\u00e0ng qu\u1ea5n PE m\u00e0u xanh th\u01b0\u1eddng \u0111\u01b0\u1ee3c li\u00ean k\u1ebft v\u1edbi c\u00e1c \u1ee9ng d\u1ee5ng an to\u00e0n, \u0111\u1eb7c bi\u1ec7t l\u00e0 trong vi\u1ec7c \u0111\u00f3ng g\u00f3i th\u1ef1c ph\u1ea9m v\u00e0 c\u00e1c s\u1ea3n ph\u1ea9m li\u00ean quan \u0111\u1ebfn s\u1ee9c kh\u1ecfe con ng\u01b0\u1eddi.<\/div>\n<div><\/div>\n<div><strong>2. T\u00ednh ch\u1ea5t ch\u1ed1ng tia UV:<\/strong> M\u00e0ng qu\u1ea5n PE m\u00e0u xanh th\u01b0\u1eddng \u0111\u01b0\u1ee3c gia c\u1ed1 b\u1eb1ng c\u00e1c ch\u1ea5t ph\u1ee5 gia ch\u1ed1ng tia UV, gi\u00fap b\u1ea3o v\u1ec7 h\u00e0ng h\u00f3a kh\u1ecfi t\u00e1c \u0111\u1ed9ng c\u1ee7a \u00e1nh n\u1eafng m\u1eb7t tr\u1eddi v\u00e0 k\u00e9o d\u00e0i tu\u1ed5i th\u1ecd c\u1ee7a m\u00e0ng.<\/div>\n<div><\/div>\n<div><strong>3. \u0110\u1ed9 b\u1ec1n v\u00e0 ch\u1ed1ng r\u00e1ch t\u1ed1t:<\/strong> M\u00e0ng qu\u1ea5n PE c\u00f3 kh\u1ea3 n\u0103ng ch\u1ecbu \u0111\u01b0\u1ee3c c\u00e1c t\u00e1c \u0111\u1ed9ng va \u0111\u1eadp v\u00e0 c\u0103ng th\u1eb3ng trong qu\u00e1 tr\u00ecnh v\u1eadn chuy\u1ec3n v\u00e0 l\u01b0u tr\u1eef.<\/div>\n<div><\/div>\n<div><strong>4. T\u00ednh linh ho\u1ea1t:<\/strong> M\u00e0ng qu\u1ea5n PE m\u00e0u xanh d\u1ec5 d\u00e0ng b\u1ecdc quanh c\u00e1c h\u00ecnh d\u1ea1ng v\u00e0 k\u00edch th\u01b0\u1edbc kh\u00e1c nhau c\u1ee7a h\u00e0ng h\u00f3a.<\/div>\n<div><\/div>\n<div><strong>5. T\u00f9y ch\u1ecdn th\u00e2n thi\u1ec7n v\u1edbi m\u00f4i tr\u01b0\u1eddng:<\/strong> M\u1ed9t s\u1ed1 lo\u1ea1i m\u00e0ng qu\u1ea5n PE m\u00e0u xanh \u0111\u01b0\u1ee3c s\u1ea3n xu\u1ea5t t\u1eeb nguy\u00ean li\u1ec7u t\u00e1i ch\u1ebf, gi\u00fap gi\u1ea3m t\u00e1c \u0111\u1ed9ng \u0111\u1ebfn m\u00f4i tr\u01b0\u1eddng.<\/div>\n<div><\/div>\n<div>T\u00f3m l\u1ea1i, m\u00e0ng qu\u1ea5n PE c\u00f4ng nghi\u1ec7p m\u00e0u xanh c\u00f3 nhi\u1ec1u \u1ee9ng d\u1ee5ng v\u00e0 \u0111\u1eb7c \u0111i\u1ec3m \u0111\u1ed9c \u0111\u00e1o, l\u00e0 l\u1ef1a ch\u1ecdn l\u00fd t\u01b0\u1edfng \u0111\u1ec3 b\u1ea3o v\u1ec7, \u0111\u00f3ng g\u00f3i v\u00e0 v\u1eadn chuy\u1ec3n h\u00e0ng h\u00f3a trong c\u00e1c ng\u00e0nh c\u00f4ng nghi\u1ec7p y\u00eau c\u1ea7u t\u00ednh an to\u00e0n v\u00e0 th\u00e2n thi\u1ec7n v\u1edbi m\u00f4i tr\u01b0\u1eddng. M\u00e0u xanh mang \u00fd ngh\u0129a c\u1ee7a s\u1ef1 an to\u00e0n v\u00e0 b\u1ea3o v\u1ec7, t\u1ea1o s\u1ef1 tin t\u01b0\u1edfng cho ng\u01b0\u1eddi s\u1eed d\u1ee5ng v\u00e0 ng\u01b0\u1eddi ti\u00eau d\u00f9ng.<\/div>\n","protected":false},"excerpt":{"rendered":"<p>M\u00e0ng qu\u1ea5n PE c\u00f4ng nghi\u1ec7p m\u00e0u xanh: \u1ee8ng d\u1ee5ng v\u00e0 \u0110\u1eb7c \u0111i\u1ec3m M\u00e0ng qu\u1ea5n PE (Polyethylene) c\u00f4ng nghi\u1ec7p m\u00e0u xanh l\u00e0 m\u1ed9t s\u1ea3n ph\u1ea9m quan tr\u1ecdng trong l\u0129nh v\u1ef1c \u0111\u00f3ng g\u00f3i v\u00e0 v\u1eadn chuy\u1ec3n h\u00e0ng h\u00f3a. S\u1ef1 k\u1ebft h\u1ee3p gi\u1eefa t\u00ednh linh ho\u1ea1t, \u0111\u1ed9 b\u1ec1n v\u00e0 kh\u1ea3 n\u0103ng b\u1ea3o v\u1ec7 \u0111\u00e3 l\u00e0m cho m\u00e0ng qu\u1ea5n&#8230;<\/p>\n","protected":false},"featured_media":1176,"comment_status":"open","ping_status":"closed","template":"","meta":[],"product_brand":[],"product_cat":[20],"product_tag":[],"class_list":{"0":"post-661","1":"product","2":"type-product","3":"status-publish","4":"has-post-thumbnail","6":"product_cat-mang-quan-pe","8":"first","9":"instock","10":"shipping-taxable","11":"product-type-simple"},"_links":{"self":[{"href":"https:\/\/nhuadangphuong.com\/index.php?rest_route=\/wp\/v2\/product\/661","targetHints":{"allow":["GET"]}}],"collection":[{"href":"https:\/\/nhuadangphuong.com\/index.php?rest_route=\/wp\/v2\/product"}],"about":[{"href":"https:\/\/nhuadangphuong.com\/index.php?rest_route=\/wp\/v2\/types\/product"}],"replies":[{"embeddable":true,"href":"https:\/\/nhuadangphuong.com\/index.php?rest_route=%2Fwp%2Fv2%2Fcomments&post=661"}],"wp:featuredmedia":[{"embeddable":true,"href":"https:\/\/nhuadangphuong.com\/index.php?rest_route=\/wp\/v2\/media\/1176"}],"wp:attachment":[{"href":"https:\/\/nhuadangphuong.com\/index.php?rest_route=%2Fwp%2Fv2%2Fmedia&parent=661"}],"wp:term":[{"taxonomy":"product_brand","embeddable":true,"href":"https:\/\/nhuadangphuong.com\/index.php?rest_route=%2Fwp%2Fv2%2Fproduct_brand&post=661"},{"taxonomy":"product_cat","embeddable":true,"href":"https:\/\/nhuadangphuong.com\/index.php?rest_route=%2Fwp%2Fv2%2Fproduct_cat&post=661"},{"taxonomy":"product_tag","embeddable":true,"href":"https:\/\/nhuadangphuong.com\/index.php?rest_route=%2Fwp%2Fv2%2Fproduct_tag&post=661"}],"curies":[{"name":"wp","href":"https:\/\/api.w.org\/{rel}","templated":true}]}}