{"id":655,"date":"2023-04-19T02:09:30","date_gmt":"2023-04-19T02:09:30","guid":{"rendered":"https:\/\/nhuadangphuong.com\/?post_type=product&#038;p=655"},"modified":"2026-04-17T23:36:54","modified_gmt":"2026-04-17T23:36:54","slug":"bang-dinh-opp-mau-vang-duc","status":"publish","type":"product","link":"https:\/\/nhuadangphuong.com\/?product=bang-dinh-opp-mau-vang-duc","title":{"rendered":"B\u0103ng di\u0301nh OPP \u0111u\u0323c"},"content":{"rendered":"<p><strong>&#8220;B\u0103ng d\u00ednh OPP \u0111\u1ee5c: T\u00ednh tao nh\u00e3 v\u00e0 \u1ee9ng d\u1ee5ng \u0111a d\u1ea1ng&#8221;<\/strong><\/p>\n<p>B\u0103ng d\u00ednh OPP \u0111\u1ee5c, v\u1edbi v\u1ebb tinh t\u1ebf v\u00e0 t\u00ednh ch\u1ea5t \u0111\u1eb7c bi\u1ec7t, l\u00e0 m\u1ed9t s\u1ea3n ph\u1ea9m \u0111a n\u0103ng trong l\u0129nh v\u1ef1c \u0111\u00f3ng g\u00f3i v\u00e0 k\u1ebft d\u00ednh. V\u1edbi s\u1ef1 k\u1ebft h\u1ee3p gi\u1eefa m\u00e0u s\u1eafc m\u1edd v\u00e0 kh\u1ea3 n\u0103ng d\u00ednh t\u1ed1t, b\u0103ng d\u00ednh OPP \u0111\u1ee5c kh\u00f4ng ch\u1ec9 gi\u00fap b\u1ea3o v\u1ec7 h\u00e0ng h\u00f3a m\u00e0 c\u00f2n mang l\u1ea1i t\u00ednh th\u1ea9m m\u1ef9 cho quy tr\u00ecnh \u0111\u00f3ng g\u00f3i. Trong b\u00e0i vi\u1ebft n\u00e0y, ch\u00fang ta s\u1ebd t\u00ecm hi\u1ec3u v\u1ec1 \u1ee9ng d\u1ee5ng v\u00e0 c\u00e1c \u0111\u1eb7c \u0111i\u1ec3m n\u1ed5i b\u1eadt c\u1ee7a b\u0103ng d\u00ednh OPP \u0111\u1ee5c.<\/p>\n<p><img loading=\"lazy\" decoding=\"async\" class=\"aligncenter size-full wp-image-1174\" src=\"https:\/\/nhuadangphuong.com\/wp-content\/uploads\/2023\/08\/3-6.png\" alt=\"\" width=\"1920\" height=\"2688\" srcset=\"https:\/\/nhuadangphuong.com\/wp-content\/uploads\/2023\/08\/3-6.png 1920w, https:\/\/nhuadangphuong.com\/wp-content\/uploads\/2023\/08\/3-6-800x1120.png 800w, https:\/\/nhuadangphuong.com\/wp-content\/uploads\/2023\/08\/3-6-600x840.png 600w\" sizes=\"auto, (max-width: 1920px) 100vw, 1920px\" \/><\/p>\n<p><strong>\u1ee8ng d\u1ee5ng \u0111a d\u1ea1ng c\u1ee7a b\u0103ng d\u00ednh OPP \u0111\u1ee5c:<\/strong><\/p>\n<ol>\n<li><strong>\u0110\u00f3ng g\u00f3i h\u00e0ng h\u00f3a nh\u1ea1y c\u1ea3m:<\/strong> B\u0103ng d\u00ednh OPP \u0111\u1ee5c th\u01b0\u1eddng \u0111\u01b0\u1ee3c s\u1eed d\u1ee5ng \u0111\u1ec3 b\u1ecdc quanh c\u00e1c s\u1ea3n ph\u1ea9m nh\u1ea1y c\u1ea3m nh\u01b0 \u0111\u1ed3 \u0111i\u1ec7n t\u1eed, thi\u1ebft b\u1ecb y t\u1ebf v\u00e0 th\u1ee7y tinh. V\u1edbi t\u00ednh ch\u1ea5t \u0111\u1ee5c, n\u00f3 gi\u00fap che \u0111i chi ti\u1ebft b\u00ean trong m\u00e0 v\u1eabn cho ph\u00e9p nh\u00ecn th\u1ea5y m\u1ed9t ph\u1ea7n s\u1ea3n ph\u1ea9m, t\u1ea1o s\u1ef1 an to\u00e0n v\u00e0 tin t\u01b0\u1edfng cho kh\u00e1ch h\u00e0ng.<\/li>\n<li><strong>G\u1eafn nh\u00e3n v\u00e0 trang tr\u00ed:<\/strong> B\u0103ng d\u00ednh OPP \u0111\u1ee5c c\u00f3 th\u1ec3 \u0111\u01b0\u1ee3c s\u1eed d\u1ee5ng \u0111\u1ec3 g\u1eafn nh\u00e3n s\u1ea3n ph\u1ea9m ho\u1eb7c th\u1ef1c hi\u1ec7n c\u00e1c t\u00e1c v\u1ee5 trang tr\u00ed nh\u01b0 trang tr\u00ed h\u1ed9p qu\u00e0 t\u1eb7ng ho\u1eb7c s\u1ea3n ph\u1ea9m.<\/li>\n<li><strong>K\u1ebft d\u00ednh c\u00e1c t\u1ea5m v\u1eadt li\u1ec7u:<\/strong> B\u0103ng d\u00ednh OPP \u0111\u1ee5c c\u0169ng c\u00f3 th\u1ec3 \u0111\u01b0\u1ee3c s\u1eed d\u1ee5ng \u0111\u1ec3 k\u1ebft d\u00ednh c\u00e1c t\u1ea5m v\u1eadt li\u1ec7u kh\u00e1c nhau nh\u01b0 gi\u1ea5y, b\u00eca carton, v\u00e0 nh\u1ef1a. S\u1ef1 t\u1ea1o \u0111i\u1ec3m nh\u1ea5n c\u1ee7a t\u00ednh ch\u1ea5t \u0111\u1ee5c th\u01b0\u1eddng \u0111\u01b0\u1ee3c \u1ee9ng d\u1ee5ng trong vi\u1ec7c g\u1eafn k\u1ebft v\u00e0 t\u1ea1o hi\u1ec7u \u1ee9ng th\u1ecb gi\u00e1c.<\/li>\n<\/ol>\n<p><strong>\u0110\u1eb7c \u0111i\u1ec3m n\u1ed5i b\u1eadt c\u1ee7a b\u0103ng d\u00ednh OPP \u0111\u1ee5c:<\/strong><\/p>\n<ol>\n<li><strong>T\u00ednh ch\u1ea5t \u0111\u1ee5c t\u1ea1o th\u1ea9m m\u1ef9:<\/strong> B\u0103ng d\u00ednh OPP \u0111\u1ee5c t\u1ea1o ra hi\u1ec7u \u1ee9ng \u0111\u1ed9c \u0111\u00e1o, cho ph\u00e9p \u00e1nh s\u00e1ng \u0111i qua m\u1ed9t c\u00e1ch m\u1edd m\u1ecbt, gi\u00fap t\u1ea1o \u0111i\u1ec3m nh\u1ea5n v\u00e0 t\u0103ng t\u00ednh th\u1ea9m m\u1ef9 cho s\u1ea3n ph\u1ea9m.<\/li>\n<li><strong>Kh\u1ea3 n\u0103ng d\u00ednh m\u1ea1nh m\u1ebd:<\/strong> B\u0103ng d\u00ednh OPP \u0111\u1ee5c th\u01b0\u1eddng c\u00f3 l\u1edbp keo acrylic m\u1ea1nh m\u1ebd, \u0111\u1ea3m b\u1ea3o s\u1ef1 k\u1ebft d\u00ednh ch\u1eafc ch\u1eafn v\u00e0 b\u1ec1n b\u1ec9.<\/li>\n<li><strong>T\u00ednh linh ho\u1ea1t:<\/strong> Nh\u01b0 c\u00e1c d\u1ea1ng b\u0103ng d\u00ednh OPP kh\u00e1c, b\u0103ng d\u00ednh \u0111\u1ee5c d\u1ec5 d\u00e0ng b\u1ecdc quanh c\u00e1c h\u00ecnh d\u1ea1ng v\u00e0 k\u00edch th\u01b0\u1edbc kh\u00e1c nhau c\u1ee7a h\u00e0ng h\u00f3a.<\/li>\n<li><strong>Kh\u1ea3 n\u0103ng ch\u1ed1ng th\u1ea5m n\u01b0\u1edbc:<\/strong> M\u1ed9t s\u1ed1 lo\u1ea1i b\u0103ng d\u00ednh OPP \u0111\u1ee5c \u0111\u01b0\u1ee3c thi\u1ebft k\u1ebf \u0111\u1ec3 ch\u1ed1ng th\u1ea5m n\u01b0\u1edbc, gi\u00fap b\u1ea3o v\u1ec7 h\u00e0ng h\u00f3a kh\u1ecfi t\u00e1c \u0111\u1ed9ng c\u1ee7a \u1ea9m \u01b0\u1edbt v\u00e0 n\u01b0\u1edbc.<\/li>\n<li><strong>Th\u00e2n thi\u1ec7n v\u1edbi m\u00f4i tr\u01b0\u1eddng:<\/strong> M\u1ed9t s\u1ed1 lo\u1ea1i b\u0103ng d\u00ednh OPP \u0111\u1ee5c \u0111\u01b0\u1ee3c s\u1ea3n xu\u1ea5t t\u1eeb nguy\u00ean li\u1ec7u t\u00e1i ch\u1ebf, gi\u00fap gi\u1ea3m t\u00e1c \u0111\u1ed9ng \u0111\u1ebfn m\u00f4i tr\u01b0\u1eddng.<\/li>\n<\/ol>\n<p>T\u00f3m l\u1ea1i, b\u0103ng d\u00ednh OPP \u0111\u1ee5c kh\u00f4ng ch\u1ec9 mang l\u1ea1i t\u00ednh tinh t\u1ebf m\u00e0 c\u00f2n c\u00f3 nhi\u1ec1u \u1ee9ng d\u1ee5ng \u0111a d\u1ea1ng. T\u1eeb vi\u1ec7c \u0111\u00f3ng g\u00f3i h\u00e0ng h\u00f3a nh\u1ea1y c\u1ea3m, g\u1eafn nh\u00e3n \u0111\u1ebfn k\u1ebft d\u00ednh c\u00e1c v\u1eadt li\u1ec7u kh\u00e1c nhau, t\u00ednh ch\u1ea5t \u0111\u1ee5c \u0111\u00e3 tr\u1edf th\u00e0nh m\u1ed9t y\u1ebfu t\u1ed1 thi\u1ebft th\u1ef1c trong quy tr\u00ecnh \u0111\u00f3ng g\u00f3i v\u00e0 tr\u00ecnh b\u00e0y h\u00e0ng h\u00f3a.<\/p>\n","protected":false},"excerpt":{"rendered":"<p>&#8220;B\u0103ng d\u00ednh OPP \u0111\u1ee5c: T\u00ednh tao nh\u00e3 v\u00e0 \u1ee9ng d\u1ee5ng \u0111a d\u1ea1ng&#8221; B\u0103ng d\u00ednh OPP \u0111\u1ee5c, v\u1edbi v\u1ebb tinh t\u1ebf v\u00e0 t\u00ednh ch\u1ea5t \u0111\u1eb7c bi\u1ec7t, l\u00e0 m\u1ed9t s\u1ea3n ph\u1ea9m \u0111a n\u0103ng trong l\u0129nh v\u1ef1c \u0111\u00f3ng g\u00f3i v\u00e0 k\u1ebft d\u00ednh. V\u1edbi s\u1ef1 k\u1ebft h\u1ee3p gi\u1eefa m\u00e0u s\u1eafc m\u1edd v\u00e0 kh\u1ea3 n\u0103ng d\u00ednh t\u1ed1t, b\u0103ng d\u00ednh OPP&#8230;<\/p>\n","protected":false},"featured_media":1170,"comment_status":"open","ping_status":"closed","template":"","meta":[],"product_brand":[],"product_cat":[23],"product_tag":[],"class_list":{"0":"post-655","1":"product","2":"type-product","3":"status-publish","4":"has-post-thumbnail","6":"product_cat-bang-dinh-opp","8":"first","9":"instock","10":"shipping-taxable","11":"product-type-simple"},"_links":{"self":[{"href":"https:\/\/nhuadangphuong.com\/index.php?rest_route=\/wp\/v2\/product\/655","targetHints":{"allow":["GET"]}}],"collection":[{"href":"https:\/\/nhuadangphuong.com\/index.php?rest_route=\/wp\/v2\/product"}],"about":[{"href":"https:\/\/nhuadangphuong.com\/index.php?rest_route=\/wp\/v2\/types\/product"}],"replies":[{"embeddable":true,"href":"https:\/\/nhuadangphuong.com\/index.php?rest_route=%2Fwp%2Fv2%2Fcomments&post=655"}],"wp:featuredmedia":[{"embeddable":true,"href":"https:\/\/nhuadangphuong.com\/index.php?rest_route=\/wp\/v2\/media\/1170"}],"wp:attachment":[{"href":"https:\/\/nhuadangphuong.com\/index.php?rest_route=%2Fwp%2Fv2%2Fmedia&parent=655"}],"wp:term":[{"taxonomy":"product_brand","embeddable":true,"href":"https:\/\/nhuadangphuong.com\/index.php?rest_route=%2Fwp%2Fv2%2Fproduct_brand&post=655"},{"taxonomy":"product_cat","embeddable":true,"href":"https:\/\/nhuadangphuong.com\/index.php?rest_route=%2Fwp%2Fv2%2Fproduct_cat&post=655"},{"taxonomy":"product_tag","embeddable":true,"href":"https:\/\/nhuadangphuong.com\/index.php?rest_route=%2Fwp%2Fv2%2Fproduct_tag&post=655"}],"curies":[{"name":"wp","href":"https:\/\/api.w.org\/{rel}","templated":true}]}}