{"id":1198,"date":"2023-08-24T02:50:56","date_gmt":"2023-08-24T02:50:56","guid":{"rendered":"https:\/\/nhuadangphuong.com\/?post_type=product&#038;p=1198"},"modified":"2026-04-14T11:59:05","modified_gmt":"2026-04-14T11:59:05","slug":"cuon-xop-foam-trang-3mm100m","status":"publish","type":"product","link":"https:\/\/nhuadangphuong.com\/?product=cuon-xop-foam-trang-3mm100m","title":{"rendered":"Cu\u1ed9n x\u1ed1p foam tr\u1eafng 3mm*100m"},"content":{"rendered":"<p><strong>&#8220;Cu\u1ed9n x\u1ed1p Foam tr\u1eafng 3mm*100m: S\u1ef1 ti\u1ec7n \u00edch v\u00e0 \u0111a d\u1ea1ng trong vi\u1ec7c \u0111\u00f3ng g\u00f3i v\u00e0 b\u1ea3o v\u1ec7&#8221;<\/strong><\/p>\n<p>Cu\u1ed9n x\u1ed1p Foam tr\u1eafng d\u00e0y 3mm v\u1edbi chi\u1ec1u d\u00e0i 100m l\u00e0 m\u1ed9t gi\u1ea3i ph\u00e1p \u0111a d\u1ea1ng v\u00e0 ti\u1ec7n \u00edch trong vi\u1ec7c \u0111\u00f3ng g\u00f3i, b\u1ea3o v\u1ec7 v\u00e0 gi\u1ea3m s\u1ed1c cho h\u00e0ng h\u00f3a. V\u1edbi \u0111\u1ed9 d\u00e0y v\u1eeba ph\u1ea3i v\u00e0 chi\u1ec1u d\u00e0i l\u1edbn, cu\u1ed9n x\u1ed1p Foam tr\u1eafng 3mm<em>100m mang \u0111\u1ebfn kh\u1ea3 n\u0103ng b\u1ea3o v\u1ec7 \u0111\u00e1ng tin c\u1eady v\u00e0 ti\u1ebft ki\u1ec7m trong vi\u1ec7c \u0111\u00f3ng g\u00f3i. Trong b\u00e0i vi\u1ebft n\u00e0y, ch\u00fang ta s\u1ebd t\u00ecm hi\u1ec3u v\u1ec1 \u1ee9ng d\u1ee5ng v\u00e0 c\u00e1c \u0111\u1eb7c \u0111i\u1ec3m n\u1ed5i b\u1eadt c\u1ee7a cu\u1ed9n x\u1ed1p Foam tr\u1eafng 3mm<\/em>100m.<\/p>\n<p><strong>\u1ee8ng d\u1ee5ng \u0111a d\u1ea1ng c\u1ee7a cu\u1ed9n x\u1ed1p Foam tr\u1eafng 3mm*100m:<\/strong><\/p>\n<ol>\n<li><strong>B\u1ea3o v\u1ec7 h\u00e0ng h\u00f3a qu\u00fd gi\u00e1:<\/strong> Cu\u1ed9n x\u1ed1p Foam tr\u1eafng 3mm*100m th\u01b0\u1eddng \u0111\u01b0\u1ee3c s\u1eed d\u1ee5ng \u0111\u1ec3 b\u1ecdc quanh v\u00e0 b\u1ea3o v\u1ec7 c\u00e1c s\u1ea3n ph\u1ea9m c\u00f3 gi\u00e1 tr\u1ecb nh\u01b0 \u0111i\u1ec7n t\u1eed, \u0111\u1ed3 trang s\u1ee9c, s\u1ea3n ph\u1ea9m th\u1ee7 c\u00f4ng v\u00e0 nhi\u1ec1u m\u1eb7t h\u00e0ng qu\u00fd gi\u00e1 kh\u00e1c. \u0110\u1ed9 d\u00e0y 3mm gi\u00fap t\u0103ng c\u01b0\u1eddng kh\u1ea3 n\u0103ng gi\u1ea3m s\u1ed1c v\u00e0 b\u1ea3o v\u1ec7 kh\u1ecfi va \u0111\u1eadp.<\/li>\n<li><strong>B\u1ea3o v\u1ec7 trong qu\u00e1 tr\u00ecnh v\u1eadn chuy\u1ec3n:<\/strong> Cu\u1ed9n x\u1ed1p Foam tr\u1eafng 3mm*100m cung c\u1ea5p kh\u1ea3 n\u0103ng b\u1ea3o v\u1ec7 cho h\u00e0ng h\u00f3a trong qu\u00e1 tr\u00ecnh v\u1eadn chuy\u1ec3n v\u00e0 l\u01b0u tr\u1eef. V\u1edbi chi\u1ec1u d\u00e0i l\u1edbn, b\u1ea1n c\u00f3 th\u1ec3 d\u1ec5 d\u00e0ng b\u1ecdc quanh nhi\u1ec1u s\u1ea3n ph\u1ea9m kh\u00e1c nhau.<\/li>\n<li><strong>B\u1ea3o qu\u1ea3n trong l\u01b0u tr\u1eef:<\/strong> Cu\u1ed9n x\u1ed1p Foam tr\u1eafng 3mm*100m gi\u00fap b\u1ea3o qu\u1ea3n h\u00e0ng h\u00f3a trong kho\u1ea3ng th\u1eddi gian d\u00e0i, b\u1ea3o \u0111\u1ea3m s\u1ea3n ph\u1ea9m kh\u00f4ng b\u1ecb tr\u1ea7y x\u01b0\u1edbc ho\u1eb7c h\u01b0 h\u1ea1i trong qu\u00e1 tr\u00ecnh l\u01b0u tr\u1eef.<\/li>\n<\/ol>\n<p><strong>\u0110\u1eb7c \u0111i\u1ec3m n\u1ed5i b\u1eadt c\u1ee7a cu\u1ed9n x\u1ed1p Foam tr\u1eafng 3mm*100m:<\/strong><\/p>\n<ol>\n<li><strong>Kh\u1ea3 n\u0103ng gi\u1ea3m s\u1ed1c v\u00e0 b\u1ea3o v\u1ec7:<\/strong> V\u1edbi \u0111\u1ed9 d\u00e0y 3mm, cu\u1ed9n x\u1ed1p Foam tr\u1eafng mang \u0111\u1ebfn kh\u1ea3 n\u0103ng gi\u1ea3m s\u1ed1c m\u1ea1nh m\u1ebd, b\u1ea3o v\u1ec7 h\u00e0ng h\u00f3a kh\u1ecfi t\u00e1c \u0111\u1ed9ng va \u0111\u1eadp v\u00e0 bi\u1ebfn d\u1ea1ng.<\/li>\n<li><strong>Chi\u1ec1u d\u00e0i l\u1edbn:<\/strong> V\u1edbi chi\u1ec1u d\u00e0i 100m, cu\u1ed9n x\u1ed1p Foam cung c\u1ea5p t\u00ednh ti\u1ec7n \u00edch cao, cho ph\u00e9p b\u1ea1n s\u1eed d\u1ee5ng linh ho\u1ea1t v\u00e0 \u0111a d\u1ea1ng trong vi\u1ec7c \u0111\u00f3ng g\u00f3i c\u00e1c lo\u1ea1i s\u1ea3n ph\u1ea9m.<\/li>\n<li><strong>D\u1ec5 d\u00e0ng s\u1eed d\u1ee5ng:<\/strong> Cu\u1ed9n x\u1ed1p Foam tr\u1eafng 3mm*100m c\u00f3 th\u1ec3 d\u1ec5 d\u00e0ng c\u1eaft v\u00e0 \u0111\u1ecbnh h\u00ecnh theo nhu c\u1ea7u c\u1ee5 th\u1ec3, t\u1ea1o s\u1ef1 linh ho\u1ea1t trong vi\u1ec7c \u0111\u00f3ng g\u00f3i v\u00e0 b\u1ea3o v\u1ec7 h\u00e0ng h\u00f3a.<\/li>\n<li><strong>T\u00ednh th\u00e2n thi\u1ec7n v\u1edbi m\u00f4i tr\u01b0\u1eddng:<\/strong> Cu\u1ed9n x\u1ed1p Foam th\u01b0\u1eddng \u0111\u01b0\u1ee3c s\u1ea3n xu\u1ea5t t\u1eeb nguy\u00ean li\u1ec7u th\u00e2n thi\u1ec7n v\u1edbi m\u00f4i tr\u01b0\u1eddng, gi\u00fap gi\u1ea3m t\u00e1c \u0111\u1ed9ng ti\u00eau c\u1ef1c \u0111\u1ebfn h\u1ec7 sinh th\u00e1i.<\/li>\n<li><strong>\u0110a d\u1ea1ng \u1ee9ng d\u1ee5ng:<\/strong> Cu\u1ed9n x\u1ed1p Foam tr\u1eafng 3mm*100m c\u00f3 th\u1ec3 \u0111\u01b0\u1ee3c s\u1eed d\u1ee5ng trong nhi\u1ec1u ng\u00e0nh c\u00f4ng nghi\u1ec7p v\u00e0 t\u00ecnh hu\u1ed1ng kh\u00e1c nhau.<\/li>\n<\/ol>\n<p>T\u00f3m l\u1ea1i, cu\u1ed9n x\u1ed1p Foam tr\u1eafng 3mm*100m mang \u0111\u1ebfn s\u1ef1 ti\u1ec7n \u00edch v\u00e0 kh\u1ea3 n\u0103ng b\u1ea3o v\u1ec7 \u0111\u00e1ng tin c\u1eady cho h\u00e0ng h\u00f3a trong qu\u00e1 tr\u00ecnh \u0111\u00f3ng g\u00f3i, b\u1ea3o qu\u1ea3n v\u00e0 v\u1eadn chuy\u1ec3n. V\u1edbi kh\u1ea3 n\u0103ng gi\u1ea3m s\u1ed1c hi\u1ec7u qu\u1ea3 v\u00e0 t\u00ednh ti\u1ebft ki\u1ec7m v\u1ec1 chi\u1ec1u d\u00e0i, s\u1ea3n ph\u1ea9m n\u00e0y \u0111\u00e1p \u1ee9ng nhu c\u1ea7u c\u1ee7a nhi\u1ec1u ng\u00e0nh c\u00f4ng nghi\u1ec7p v\u00e0 gi\u00fap b\u1ea3o v\u1ec7 h\u00e0ng h\u00f3a qu\u00fd gi\u00e1 c\u1ee7a b\u1ea1n m\u1ed9t c\u00e1ch t\u1ed1t nh\u1ea5t.<\/p>\n","protected":false},"excerpt":{"rendered":"<p>&#8220;Cu\u1ed9n x\u1ed1p Foam tr\u1eafng 3mm*100m: S\u1ef1 ti\u1ec7n \u00edch v\u00e0 \u0111a d\u1ea1ng trong vi\u1ec7c \u0111\u00f3ng g\u00f3i v\u00e0 b\u1ea3o v\u1ec7&#8221; Cu\u1ed9n x\u1ed1p Foam tr\u1eafng d\u00e0y 3mm v\u1edbi chi\u1ec1u d\u00e0i 100m l\u00e0 m\u1ed9t gi\u1ea3i ph\u00e1p \u0111a d\u1ea1ng v\u00e0 ti\u1ec7n \u00edch trong vi\u1ec7c \u0111\u00f3ng g\u00f3i, b\u1ea3o v\u1ec7 v\u00e0 gi\u1ea3m s\u1ed1c cho h\u00e0ng h\u00f3a. V\u1edbi \u0111\u1ed9 d\u00e0y v\u1eeba ph\u1ea3i v\u00e0&#8230;<\/p>\n","protected":false},"featured_media":1183,"comment_status":"open","ping_status":"closed","template":"","meta":[],"product_brand":[],"product_cat":[24],"product_tag":[],"class_list":{"0":"post-1198","1":"product","2":"type-product","3":"status-publish","4":"has-post-thumbnail","6":"product_cat-cuon-xop-epe-foam","8":"first","9":"instock","10":"shipping-taxable","11":"product-type-simple"},"_links":{"self":[{"href":"https:\/\/nhuadangphuong.com\/index.php?rest_route=\/wp\/v2\/product\/1198","targetHints":{"allow":["GET"]}}],"collection":[{"href":"https:\/\/nhuadangphuong.com\/index.php?rest_route=\/wp\/v2\/product"}],"about":[{"href":"https:\/\/nhuadangphuong.com\/index.php?rest_route=\/wp\/v2\/types\/product"}],"replies":[{"embeddable":true,"href":"https:\/\/nhuadangphuong.com\/index.php?rest_route=%2Fwp%2Fv2%2Fcomments&post=1198"}],"wp:featuredmedia":[{"embeddable":true,"href":"https:\/\/nhuadangphuong.com\/index.php?rest_route=\/wp\/v2\/media\/1183"}],"wp:attachment":[{"href":"https:\/\/nhuadangphuong.com\/index.php?rest_route=%2Fwp%2Fv2%2Fmedia&parent=1198"}],"wp:term":[{"taxonomy":"product_brand","embeddable":true,"href":"https:\/\/nhuadangphuong.com\/index.php?rest_route=%2Fwp%2Fv2%2Fproduct_brand&post=1198"},{"taxonomy":"product_cat","embeddable":true,"href":"https:\/\/nhuadangphuong.com\/index.php?rest_route=%2Fwp%2Fv2%2Fproduct_cat&post=1198"},{"taxonomy":"product_tag","embeddable":true,"href":"https:\/\/nhuadangphuong.com\/index.php?rest_route=%2Fwp%2Fv2%2Fproduct_tag&post=1198"}],"curies":[{"name":"wp","href":"https:\/\/api.w.org\/{rel}","templated":true}]}}