{"id":1196,"date":"2023-08-24T02:47:49","date_gmt":"2023-08-24T02:47:49","guid":{"rendered":"https:\/\/nhuadangphuong.com\/?post_type=product&#038;p=1196"},"modified":"2026-04-17T23:37:52","modified_gmt":"2026-04-17T23:37:52","slug":"cuon-xop-foam-2mm-trang-opp-bac-1-mat","status":"publish","type":"product","link":"https:\/\/nhuadangphuong.com\/?product=cuon-xop-foam-2mm-trang-opp-bac-1-mat","title":{"rendered":"Cu\u1ed9n x\u1ed1p foam 2mm OPP b\u1ea1c 1 m\u1eb7t"},"content":{"rendered":"<p><strong>&#8220;Cu\u1ed9n x\u1ed1p Foam 2mm m\u1eb7t OPP b\u1ea1c: S\u1ef1 tinh t\u1ebf v\u00e0 b\u1ea3o v\u1ec7 cho h\u00e0ng h\u00f3a&#8221;<\/strong><\/p>\n<p>Cu\u1ed9n x\u1ed1p Foam d\u00e0y 2mm v\u1edbi m\u1eb7t OPP b\u1ea1c l\u00e0 m\u1ed9t gi\u1ea3i ph\u00e1p \u0111\u1ed9c \u0111\u00e1o v\u00e0 tinh t\u1ebf trong vi\u1ec7c \u0111\u00f3ng g\u00f3i, b\u1ea3o v\u1ec7 v\u00e0 t\u1ea1o \u0111i\u1ec3m nh\u1ea5n th\u1ea9m m\u1ef9 cho h\u00e0ng h\u00f3a. K\u1ebft h\u1ee3p gi\u1eefa \u0111\u1ed9 m\u1ecfng c\u1ee7a l\u1edbp x\u1ed1p Foam v\u00e0 l\u1edbp OPP b\u1ea1c l\u1ea5p l\u00e1nh t\u1ea1o n\u00ean s\u1ef1 b\u1ea3o v\u1ec7 nh\u1eb9 nh\u00e0ng v\u00e0 s\u1ef1 th\u1ec3 hi\u1ec7n s\u1ef1 tinh t\u1ebf cho s\u1ea3n ph\u1ea9m. Trong b\u00e0i vi\u1ebft n\u00e0y, ch\u00fang ta s\u1ebd t\u00ecm hi\u1ec3u v\u1ec1 \u1ee9ng d\u1ee5ng v\u00e0 c\u00e1c \u0111\u1eb7c \u0111i\u1ec3m n\u1ed5i b\u1eadt c\u1ee7a cu\u1ed9n x\u1ed1p Foam 2mm m\u1eb7t OPP b\u1ea1c.<\/p>\n<p><strong>\u1ee8ng d\u1ee5ng \u0111a d\u1ea1ng c\u1ee7a cu\u1ed9n x\u1ed1p Foam 2mm m\u1eb7t OPP b\u1ea1c:<\/strong><\/p>\n<ol>\n<li><strong>B\u1ea3o v\u1ec7 h\u00e0ng h\u00f3a nh\u1eb9 nh\u00e0ng:<\/strong> Cu\u1ed9n x\u1ed1p Foam 2mm m\u1eb7t OPP b\u1ea1c th\u01b0\u1eddng \u0111\u01b0\u1ee3c s\u1eed d\u1ee5ng \u0111\u1ec3 b\u1ecdc quanh v\u00e0 b\u1ea3o v\u1ec7 c\u00e1c s\u1ea3n ph\u1ea9m nh\u01b0 trang s\u1ee9c, s\u1ea3n ph\u1ea9m \u0111i\u1ec7n t\u1eed nh\u1ecf, \u0111\u1ed3 th\u1ee7 c\u00f4ng v\u00e0 c\u00e1c m\u1eb7t h\u00e0ng nh\u1eb9 nh\u00e0ng kh\u00e1c. \u0110\u1ed9 m\u1ecfng 2mm gi\u00fap gi\u1eef nguy\u00ean thi\u1ebft k\u1ebf g\u1ed1c c\u1ee7a s\u1ea3n ph\u1ea9m trong khi v\u1eabn mang \u0111\u1ebfn kh\u1ea3 n\u0103ng b\u1ea3o v\u1ec7.<\/li>\n<li><strong>T\u00ednh th\u1ea9m m\u1ef9 v\u00e0 s\u1ef1 tinh t\u1ebf:<\/strong> L\u1edbp OPP b\u1ea1c l\u1ea5p l\u00e1nh t\u1ea1o n\u00ean v\u1ebb \u0111\u1eb9p tinh t\u1ebf v\u00e0 th\u1ea9m m\u1ef9 cho s\u1ea3n ph\u1ea9m. Cu\u1ed9n x\u1ed1p Foam 2mm m\u1eb7t OPP b\u1ea1c gi\u00fap t\u1ea1o ra s\u1ef1 tinh t\u1ebf v\u00e0 sang tr\u1ecdng cho vi\u1ec7c \u0111\u00f3ng g\u00f3i.<\/li>\n<li><strong>G\u00f3i qu\u00e0 t\u1eb7ng v\u00e0 trang tr\u00ed:<\/strong> V\u1edbi l\u1edbp OPP b\u1ea1c b\u00f3ng b\u1ea9y, cu\u1ed9n x\u1ed1p Foam 2mm c\u0169ng th\u01b0\u1eddng \u0111\u01b0\u1ee3c s\u1eed d\u1ee5ng \u0111\u1ec3 \u0111\u00f3ng g\u00f3i qu\u00e0 t\u1eb7ng v\u00e0 trang tr\u00ed s\u1ef1 ki\u1ec7n. M\u1eb7t b\u1ea1c l\u1ea5p l\u00e1nh t\u1ea1o \u0111i\u1ec3m nh\u1ea5n th\u1ea9m m\u1ef9 v\u00e0 gi\u00fap s\u1ea3n ph\u1ea9m n\u1ed5i b\u1eadt h\u01a1n.<\/li>\n<\/ol>\n<p><strong>\u0110\u1eb7c \u0111i\u1ec3m n\u1ed5i b\u1eadt c\u1ee7a cu\u1ed9n x\u1ed1p Foam 2mm m\u1eb7t OPP b\u1ea1c:<\/strong><\/p>\n<ol>\n<li><strong>B\u1ea3o v\u1ec7 nh\u1eb9 nh\u00e0ng:<\/strong> V\u1edbi \u0111\u1ed9 m\u1ecfng 2mm, cu\u1ed9n x\u1ed1p Foam mang \u0111\u1ebfn kh\u1ea3 n\u0103ng b\u1ea3o v\u1ec7 nh\u1eb9 nh\u00e0ng, gi\u1eef g\u00ecn thi\u1ebft k\u1ebf v\u00e0 nguy\u00ean v\u1eb9n c\u1ee7a h\u00e0ng h\u00f3a.<\/li>\n<li><strong>T\u00ednh th\u1ea9m m\u1ef9 v\u00e0 ch\u1ea5t l\u01b0\u1ee3ng cao:<\/strong> M\u1eb7t OPP b\u1ea1c l\u1ea5p l\u00e1nh t\u1ea1o n\u00ean v\u1ebb \u0111\u1eb9p v\u00e0 ch\u1ea5t l\u01b0\u1ee3ng cao, th\u1ec3 hi\u1ec7n s\u1ef1 quan t\u00e2m \u0111\u1ebfn chi ti\u1ebft v\u00e0 th\u1ea9m m\u1ef9 c\u1ee7a s\u1ea3n ph\u1ea9m.<\/li>\n<li><strong>D\u1ec5 d\u00e0ng s\u1eed d\u1ee5ng v\u00e0 t\u00f9y ch\u1ec9nh:<\/strong> Cu\u1ed9n x\u1ed1p Foam 2mm m\u1eb7t OPP b\u1ea1c c\u00f3 th\u1ec3 d\u1ec5 d\u00e0ng c\u1eaft v\u00e0 \u0111\u1ecbnh h\u00ecnh theo y\u00eau c\u1ea7u c\u1ee5 th\u1ec3, t\u1ea1o s\u1ef1 linh ho\u1ea1t trong vi\u1ec7c \u0111\u00f3ng g\u00f3i v\u00e0 b\u1ea3o v\u1ec7 h\u00e0ng h\u00f3a.<\/li>\n<li><strong>T\u00ednh th\u00e2n thi\u1ec7n v\u1edbi m\u00f4i tr\u01b0\u1eddng:<\/strong> Cu\u1ed9n x\u1ed1p Foam th\u01b0\u1eddng \u0111\u01b0\u1ee3c s\u1ea3n xu\u1ea5t t\u1eeb nguy\u00ean li\u1ec7u th\u00e2n thi\u1ec7n v\u1edbi m\u00f4i tr\u01b0\u1eddng, gi\u00fap gi\u1ea3m t\u00e1c \u0111\u1ed9ng ti\u00eau c\u1ef1c \u0111\u1ebfn h\u1ec7 sinh th\u00e1i.<\/li>\n<li><strong>S\u1ef1 tinh t\u1ebf v\u00e0 g\u00f3c nh\u00ecn m\u1edbi:<\/strong> Cu\u1ed9n x\u1ed1p Foam 2mm m\u1eb7t OPP b\u1ea1c mang \u0111\u1ebfn g\u00f3c nh\u00ecn m\u1edbi v\u1ec1 vi\u1ec7c \u0111\u00f3ng g\u00f3i v\u00e0 th\u1ec3 hi\u1ec7n s\u1ef1 ch\u00fa tr\u1ecdng \u0111\u1ebfn s\u1ef1 tinh t\u1ebf v\u00e0 th\u1ea9m m\u1ef9 c\u1ee7a s\u1ea3n ph\u1ea9m.<\/li>\n<\/ol>\n<p>T\u00f3m l\u1ea1i, cu\u1ed9n x\u1ed1p Foam 2mm m\u1eb7t OPP b\u1ea1c t\u1ea1o n\u00ean s\u1ef1 tinh t\u1ebf v\u00e0 b\u1ea3o v\u1ec7 nh\u1eb9 nh\u00e0ng cho h\u00e0ng h\u00f3a. V\u1edbi t\u00ednh th\u1ea9m m\u1ef9 cao v\u00e0 kh\u1ea3 n\u0103ng b\u1ea3o v\u1ec7 nh\u1eb9 nh\u00e0ng, s\u1ea3n ph\u1ea9m n\u00e0y \u0111\u00e1p \u1ee9ng nhu c\u1ea7u c\u1ee7a nhi\u1ec1u ng\u00e0nh c\u00f4ng nghi\u1ec7p v\u00e0 t\u1ea1o n\u00ean s\u1ef1 \u1ea5n t\u01b0\u1ee3ng v\u00e0 gi\u00e1 tr\u1ecb th\u00eam cho h\u00e0ng h\u00f3a qu\u00fd gi\u00e1.<\/p>\n","protected":false},"excerpt":{"rendered":"<p>&#8220;Cu\u1ed9n x\u1ed1p Foam 2mm m\u1eb7t OPP b\u1ea1c: S\u1ef1 tinh t\u1ebf v\u00e0 b\u1ea3o v\u1ec7 cho h\u00e0ng h\u00f3a&#8221; Cu\u1ed9n x\u1ed1p Foam d\u00e0y 2mm v\u1edbi m\u1eb7t OPP b\u1ea1c l\u00e0 m\u1ed9t gi\u1ea3i ph\u00e1p \u0111\u1ed9c \u0111\u00e1o v\u00e0 tinh t\u1ebf trong vi\u1ec7c \u0111\u00f3ng g\u00f3i, b\u1ea3o v\u1ec7 v\u00e0 t\u1ea1o \u0111i\u1ec3m nh\u1ea5n th\u1ea9m m\u1ef9 cho h\u00e0ng h\u00f3a. K\u1ebft h\u1ee3p gi\u1eefa \u0111\u1ed9 m\u1ecfng c\u1ee7a&#8230;<\/p>\n","protected":false},"featured_media":1181,"comment_status":"open","ping_status":"closed","template":"","meta":[],"product_brand":[],"product_cat":[24],"product_tag":[],"class_list":{"0":"post-1196","1":"product","2":"type-product","3":"status-publish","4":"has-post-thumbnail","6":"product_cat-cuon-xop-epe-foam","8":"first","9":"instock","10":"shipping-taxable","11":"product-type-simple"},"_links":{"self":[{"href":"https:\/\/nhuadangphuong.com\/index.php?rest_route=\/wp\/v2\/product\/1196","targetHints":{"allow":["GET"]}}],"collection":[{"href":"https:\/\/nhuadangphuong.com\/index.php?rest_route=\/wp\/v2\/product"}],"about":[{"href":"https:\/\/nhuadangphuong.com\/index.php?rest_route=\/wp\/v2\/types\/product"}],"replies":[{"embeddable":true,"href":"https:\/\/nhuadangphuong.com\/index.php?rest_route=%2Fwp%2Fv2%2Fcomments&post=1196"}],"wp:featuredmedia":[{"embeddable":true,"href":"https:\/\/nhuadangphuong.com\/index.php?rest_route=\/wp\/v2\/media\/1181"}],"wp:attachment":[{"href":"https:\/\/nhuadangphuong.com\/index.php?rest_route=%2Fwp%2Fv2%2Fmedia&parent=1196"}],"wp:term":[{"taxonomy":"product_brand","embeddable":true,"href":"https:\/\/nhuadangphuong.com\/index.php?rest_route=%2Fwp%2Fv2%2Fproduct_brand&post=1196"},{"taxonomy":"product_cat","embeddable":true,"href":"https:\/\/nhuadangphuong.com\/index.php?rest_route=%2Fwp%2Fv2%2Fproduct_cat&post=1196"},{"taxonomy":"product_tag","embeddable":true,"href":"https:\/\/nhuadangphuong.com\/index.php?rest_route=%2Fwp%2Fv2%2Fproduct_tag&post=1196"}],"curies":[{"name":"wp","href":"https:\/\/api.w.org\/{rel}","templated":true}]}}