{"id":1195,"date":"2023-08-24T02:46:38","date_gmt":"2023-08-24T02:46:38","guid":{"rendered":"https:\/\/nhuadangphuong.com\/?post_type=product&#038;p=1195"},"modified":"2026-04-17T23:39:04","modified_gmt":"2026-04-17T23:39:04","slug":"cuon-xop-foam-trang-2mm150m","status":"publish","type":"product","link":"https:\/\/nhuadangphuong.com\/?product=cuon-xop-foam-trang-2mm150m","title":{"rendered":"Cu\u1ed9n x\u1ed1p foam tr\u1eafng 2mm*150m"},"content":{"rendered":"<p><strong>&#8220;Cu\u1ed9n x\u1ed1p Foam tr\u1eafng 2mm*150m: S\u1ef1 linh ho\u1ea1t v\u00e0 ti\u1ec7n \u00edch trong vi\u1ec7c \u0111\u00f3ng g\u00f3i v\u00e0 b\u1ea3o v\u1ec7&#8221;<\/strong><\/p>\n<p>Cu\u1ed9n x\u1ed1p Foam tr\u1eafng d\u00e0y 2mm v\u1edbi chi\u1ec1u d\u00e0i l\u1edbn 150m l\u00e0 m\u1ed9t gi\u1ea3i ph\u00e1p \u0111a d\u1ea1ng v\u00e0 ti\u1ec7n \u00edch trong vi\u1ec7c \u0111\u00f3ng g\u00f3i, b\u1ea3o v\u1ec7 v\u00e0 gi\u1ea3m s\u1ed1c cho h\u00e0ng h\u00f3a. V\u1edbi \u0111\u1ed9 d\u00e0y m\u1ecfng nh\u1eb9 v\u00e0 kh\u1ea3 n\u0103ng s\u1eed d\u1ee5ng l\u00e2u d\u00e0i t\u1eeb cu\u1ed9n d\u00e0i, cu\u1ed9n x\u1ed1p Foam tr\u1eafng 2mm<em>150m mang \u0111\u1ebfn kh\u1ea3 n\u0103ng b\u1ea3o v\u1ec7 t\u1ed1i \u01b0u v\u00e0 linh ho\u1ea1t trong vi\u1ec7c \u0111\u00f3ng g\u00f3i. Trong b\u00e0i vi\u1ebft n\u00e0y, ch\u00fang ta s\u1ebd t\u00ecm hi\u1ec3u v\u1ec1 \u1ee9ng d\u1ee5ng v\u00e0 c\u00e1c \u0111\u1eb7c \u0111i\u1ec3m n\u1ed5i b\u1eadt c\u1ee7a cu\u1ed9n x\u1ed1p Foam tr\u1eafng 2mm<\/em>150m.<\/p>\n<p><strong>\u1ee8ng d\u1ee5ng \u0111a d\u1ea1ng c\u1ee7a cu\u1ed9n x\u1ed1p Foam tr\u1eafng 2mm*150m:<\/strong><\/p>\n<ol>\n<li><strong>B\u1ea3o v\u1ec7 h\u00e0ng h\u00f3a nh\u1eb9 nh\u00e0ng:<\/strong> Cu\u1ed9n x\u1ed1p Foam tr\u1eafng 2mm*150m th\u01b0\u1eddng \u0111\u01b0\u1ee3c s\u1eed d\u1ee5ng \u0111\u1ec3 b\u1ecdc quanh v\u00e0 b\u1ea3o v\u1ec7 c\u00e1c s\u1ea3n ph\u1ea9m nh\u01b0 s\u1ea3n ph\u1ea9m \u0111i\u1ec7n t\u1eed, \u0111\u1ed3 trang s\u1ee9c, \u0111\u1ed3 ch\u01a1i v\u00e0 nhi\u1ec1u m\u1eb7t h\u00e0ng nh\u1eb9 nh\u00e0ng kh\u00e1c. \u0110\u1ed9 d\u00e0y m\u1ecfng nh\u1eb9 gi\u00fap b\u1ea3o v\u1ec7 s\u1ea3n ph\u1ea9m kh\u1ecfi tr\u1ea7y x\u01b0\u1edbc v\u00e0 t\u00e1c \u0111\u1ed9ng nh\u1eb9.<\/li>\n<li><strong>B\u1ea3o v\u1ec7 trong qu\u00e1 tr\u00ecnh v\u1eadn chuy\u1ec3n:<\/strong> Cu\u1ed9n x\u1ed1p Foam tr\u1eafng 2mm*150m cung c\u1ea5p kh\u1ea3 n\u0103ng b\u1ea3o v\u1ec7 cho h\u00e0ng h\u00f3a trong qu\u00e1 tr\u00ecnh v\u1eadn chuy\u1ec3n v\u00e0 l\u01b0u tr\u1eef. V\u1edbi chi\u1ec1u d\u00e0i l\u1edbn, b\u1ea1n c\u00f3 th\u1ec3 linh ho\u1ea1t s\u1eed d\u1ee5ng cho nhi\u1ec1u s\u1ea3n ph\u1ea9m kh\u00e1c nhau.<\/li>\n<li><strong>\u0110\u00f3ng g\u00f3i s\u1ea3n ph\u1ea9m c\u1ed3ng k\u1ec1nh:<\/strong> Cu\u1ed9n x\u1ed1p Foam m\u1ecfng nh\u1eb9 nh\u01b0ng \u0111\u00e1ng tin c\u1eady, th\u00edch h\u1ee3p cho vi\u1ec7c \u0111\u00f3ng g\u00f3i c\u00e1c s\u1ea3n ph\u1ea9m c\u1ed3ng k\u1ec1nh nh\u01b0 \u0111\u1ed3 n\u1ed9i th\u1ea5t nh\u1ecf, b\u1ed9 trang s\u1ee9c, ho\u1eb7c c\u00e1c m\u1eb7t h\u00e0ng c\u00f3 h\u00ecnh d\u00e1ng \u0111\u1ed9c \u0111\u00e1o.<\/li>\n<\/ol>\n<p><strong>\u0110\u1eb7c \u0111i\u1ec3m n\u1ed5i b\u1eadt c\u1ee7a cu\u1ed9n x\u1ed1p Foam tr\u1eafng 2mm*150m:<\/strong><\/p>\n<ol>\n<li><strong>B\u1ea3o v\u1ec7 nh\u1eb9 nh\u00e0ng:<\/strong> V\u1edbi \u0111\u1ed9 d\u00e0y m\u1ecfng 2mm, cu\u1ed9n x\u1ed1p Foam tr\u1eafng mang \u0111\u1ebfn kh\u1ea3 n\u0103ng b\u1ea3o v\u1ec7 nh\u1eb9 nh\u00e0ng, gi\u1eef g\u00ecn thi\u1ebft k\u1ebf v\u00e0 nguy\u00ean v\u1eb9n c\u1ee7a h\u00e0ng h\u00f3a.<\/li>\n<li><strong>Chi\u1ec1u d\u00e0i l\u1edbn:<\/strong> V\u1edbi chi\u1ec1u d\u00e0i 150m, cu\u1ed9n x\u1ed1p Foam cung c\u1ea5p t\u00ednh ti\u1ec7n \u00edch cao, cho ph\u00e9p b\u1ea1n s\u1eed d\u1ee5ng linh ho\u1ea1t v\u00e0 \u0111a d\u1ea1ng trong vi\u1ec7c \u0111\u00f3ng g\u00f3i c\u00e1c lo\u1ea1i s\u1ea3n ph\u1ea9m.<\/li>\n<li><strong>D\u1ec5 d\u00e0ng s\u1eed d\u1ee5ng:<\/strong> Cu\u1ed9n x\u1ed1p Foam tr\u1eafng 2mm*150m c\u00f3 th\u1ec3 d\u1ec5 d\u00e0ng c\u1eaft v\u00e0 \u0111\u1ecbnh h\u00ecnh theo nhu c\u1ea7u c\u1ee5 th\u1ec3, t\u1ea1o s\u1ef1 linh ho\u1ea1t trong vi\u1ec7c \u0111\u00f3ng g\u00f3i v\u00e0 b\u1ea3o v\u1ec7 h\u00e0ng h\u00f3a.<\/li>\n<li><strong>T\u00ednh th\u00e2n thi\u1ec7n v\u1edbi m\u00f4i tr\u01b0\u1eddng:<\/strong> Cu\u1ed9n x\u1ed1p Foam th\u01b0\u1eddng \u0111\u01b0\u1ee3c s\u1ea3n xu\u1ea5t t\u1eeb nguy\u00ean li\u1ec7u th\u00e2n thi\u1ec7n v\u1edbi m\u00f4i tr\u01b0\u1eddng, gi\u00fap gi\u1ea3m t\u00e1c \u0111\u1ed9ng ti\u00eau c\u1ef1c \u0111\u1ebfn h\u1ec7 sinh th\u00e1i.<\/li>\n<li><strong>\u0110a d\u1ea1ng \u1ee9ng d\u1ee5ng:<\/strong> Cu\u1ed9n x\u1ed1p Foam tr\u1eafng 2mm*150m c\u00f3 th\u1ec3 \u0111\u01b0\u1ee3c s\u1eed d\u1ee5ng trong nhi\u1ec1u ng\u00e0nh c\u00f4ng nghi\u1ec7p v\u00e0 t\u00ecnh hu\u1ed1ng kh\u00e1c nhau.<\/li>\n<\/ol>\n<p>T\u00f3m l\u1ea1i, cu\u1ed9n x\u1ed1p Foam tr\u1eafng 2mm*150m mang \u0111\u1ebfn s\u1ef1 linh ho\u1ea1t v\u00e0 kh\u1ea3 n\u0103ng b\u1ea3o v\u1ec7 \u0111\u00e1ng tin c\u1eady cho h\u00e0ng h\u00f3a trong qu\u00e1 tr\u00ecnh \u0111\u00f3ng g\u00f3i, b\u1ea3o qu\u1ea3n v\u00e0 v\u1eadn chuy\u1ec3n. V\u1edbi kh\u1ea3 n\u0103ng gi\u1ea3m s\u1ed1c nh\u1eb9 nh\u00e0ng v\u00e0 chi\u1ec1u d\u00e0i d\u00e0i, s\u1ea3n ph\u1ea9m n\u00e0y \u0111\u00e1p \u1ee9ng nhu c\u1ea7u c\u1ee7a nhi\u1ec1u ng\u00e0nh c\u00f4ng nghi\u1ec7p v\u00e0 gi\u00fap b\u1ea3o v\u1ec7 h\u00e0ng h\u00f3a qu\u00fd gi\u00e1 c\u1ee7a b\u1ea1n m\u1ed9t c\u00e1ch t\u1ed1t nh\u1ea5t.<\/p>\n","protected":false},"excerpt":{"rendered":"<p>&#8220;Cu\u1ed9n x\u1ed1p Foam tr\u1eafng 2mm*150m: S\u1ef1 linh ho\u1ea1t v\u00e0 ti\u1ec7n \u00edch trong vi\u1ec7c \u0111\u00f3ng g\u00f3i v\u00e0 b\u1ea3o v\u1ec7&#8221; Cu\u1ed9n x\u1ed1p Foam tr\u1eafng d\u00e0y 2mm v\u1edbi chi\u1ec1u d\u00e0i l\u1edbn 150m l\u00e0 m\u1ed9t gi\u1ea3i ph\u00e1p \u0111a d\u1ea1ng v\u00e0 ti\u1ec7n \u00edch trong vi\u1ec7c \u0111\u00f3ng g\u00f3i, b\u1ea3o v\u1ec7 v\u00e0 gi\u1ea3m s\u1ed1c cho h\u00e0ng h\u00f3a. V\u1edbi \u0111\u1ed9 d\u00e0y m\u1ecfng nh\u1eb9&#8230;<\/p>\n","protected":false},"featured_media":1184,"comment_status":"open","ping_status":"closed","template":"","meta":[],"product_brand":[],"product_cat":[24],"product_tag":[],"class_list":{"0":"post-1195","1":"product","2":"type-product","3":"status-publish","4":"has-post-thumbnail","6":"product_cat-cuon-xop-epe-foam","8":"first","9":"instock","10":"shipping-taxable","11":"product-type-simple"},"_links":{"self":[{"href":"https:\/\/nhuadangphuong.com\/index.php?rest_route=\/wp\/v2\/product\/1195","targetHints":{"allow":["GET"]}}],"collection":[{"href":"https:\/\/nhuadangphuong.com\/index.php?rest_route=\/wp\/v2\/product"}],"about":[{"href":"https:\/\/nhuadangphuong.com\/index.php?rest_route=\/wp\/v2\/types\/product"}],"replies":[{"embeddable":true,"href":"https:\/\/nhuadangphuong.com\/index.php?rest_route=%2Fwp%2Fv2%2Fcomments&post=1195"}],"wp:featuredmedia":[{"embeddable":true,"href":"https:\/\/nhuadangphuong.com\/index.php?rest_route=\/wp\/v2\/media\/1184"}],"wp:attachment":[{"href":"https:\/\/nhuadangphuong.com\/index.php?rest_route=%2Fwp%2Fv2%2Fmedia&parent=1195"}],"wp:term":[{"taxonomy":"product_brand","embeddable":true,"href":"https:\/\/nhuadangphuong.com\/index.php?rest_route=%2Fwp%2Fv2%2Fproduct_brand&post=1195"},{"taxonomy":"product_cat","embeddable":true,"href":"https:\/\/nhuadangphuong.com\/index.php?rest_route=%2Fwp%2Fv2%2Fproduct_cat&post=1195"},{"taxonomy":"product_tag","embeddable":true,"href":"https:\/\/nhuadangphuong.com\/index.php?rest_route=%2Fwp%2Fv2%2Fproduct_tag&post=1195"}],"curies":[{"name":"wp","href":"https:\/\/api.w.org\/{rel}","templated":true}]}}