{"id":1089,"date":"2023-08-23T13:57:29","date_gmt":"2023-08-23T13:57:29","guid":{"rendered":"https:\/\/nhuadangphuong.com\/?post_type=product&#038;p=1089"},"modified":"2026-04-17T23:45:38","modified_gmt":"2026-04-17T23:45:38","slug":"khay-dinh-hinh-xop-foam-ctd","status":"publish","type":"product","link":"https:\/\/nhuadangphuong.com\/?product=khay-dinh-hinh-xop-foam-ctd","title":{"rendered":"Khay \u0111\u1ecbnh h\u00ecnh x\u1ed1p foam CT\u0110"},"content":{"rendered":"<p><strong>&#8220;Khay \u0110\u1ecbnh H\u00ecnh X\u1ed1p Foam Ch\u1ed1ng T\u0129nh \u0110i\u1ec7n: S\u1ef1 B\u1ea3o V\u1ec7 T\u1ed1i \u01afu v\u00e0 An To\u00e0n Cho H\u00e0ng H\u00f3a&#8221;<\/strong><\/p>\n<p>Khay \u0111\u1ecbnh h\u00ecnh x\u1ed1p Foam ch\u1ed1ng t\u0129nh \u0111i\u1ec7n l\u00e0 m\u1ed9t gi\u1ea3i ph\u00e1p \u0111\u00e1ng tin c\u1eady \u0111\u1ec3 b\u1ea3o v\u1ec7 h\u00e0ng h\u00f3a kh\u1ecfi t\u00e1c \u0111\u1ed9ng t\u0129nh \u0111i\u1ec7n v\u00e0 h\u00fat b\u1ee5i trong qu\u00e1 tr\u00ecnh v\u1eadn chuy\u1ec3n, l\u01b0u tr\u1eef v\u00e0 tr\u01b0ng b\u00e0y. V\u1edbi kh\u1ea3 n\u0103ng t\u1ea1o ra c\u00e1c khe \u0111\u1ecbnh h\u00ecnh ch\u00ednh x\u00e1c, khay x\u1ed1p Foam ch\u1ed1ng t\u0129nh \u0111i\u1ec7n kh\u00f4ng ch\u1ec9 b\u1ea3o v\u1ec7 h\u00e0ng h\u00f3a m\u00e0 c\u00f2n gi\u00fap gi\u1eef cho s\u1ea3n ph\u1ea9m nguy\u00ean v\u1eb9n v\u00e0 an to\u00e0n. Trong b\u00e0i vi\u1ebft n\u00e0y, ch\u00fang ta s\u1ebd t\u00ecm hi\u1ec3u v\u1ec1 \u1ee9ng d\u1ee5ng v\u00e0 c\u00e1c \u0111\u1eb7c \u0111i\u1ec3m n\u1ed5i b\u1eadt c\u1ee7a khay \u0111\u1ecbnh h\u00ecnh x\u1ed1p Foam ch\u1ed1ng t\u0129nh \u0111i\u1ec7n.<\/p>\n<p><strong>\u1ee8ng d\u1ee5ng \u0111a d\u1ea1ng c\u1ee7a khay \u0111\u1ecbnh h\u00ecnh x\u1ed1p Foam ch\u1ed1ng t\u0129nh \u0111i\u1ec7n:<\/strong><\/p>\n<ol>\n<li><strong>B\u1ea3o v\u1ec7 h\u00e0ng h\u00f3a \u0111i\u1ec7n t\u1eed:<\/strong> Khay \u0111\u1ecbnh h\u00ecnh x\u1ed1p Foam ch\u1ed1ng t\u0129nh \u0111i\u1ec7n th\u01b0\u1eddng \u0111\u01b0\u1ee3c s\u1eed d\u1ee5ng \u0111\u1ec3 b\u1ea3o v\u1ec7 c\u00e1c s\u1ea3n ph\u1ea9m \u0111i\u1ec7n t\u1eed nh\u01b0 \u0111i\u1ec7n tho\u1ea1i, m\u00e1y t\u00ednh b\u1ea3ng, linh ki\u1ec7n \u0111i\u1ec7n t\u1eed kh\u00e1c kh\u1ecfi t\u00e1c \u0111\u1ed9ng t\u0129nh \u0111i\u1ec7n c\u00f3 th\u1ec3 g\u00e2y h\u1ea1i.<\/li>\n<li><strong>B\u1ea3o qu\u1ea3n s\u1ea3n ph\u1ea9m nh\u1ea1y c\u1ea3m:<\/strong> C\u00e1c s\u1ea3n ph\u1ea9m nh\u1ea1y c\u1ea3m nh\u01b0 \u0111\u1ed3 trang s\u1ee9c, k\u00ednh m\u1eaft, \u0111\u1ed3 th\u1ee7 c\u00f4ng c\u00f3 th\u1ec3 \u0111\u01b0\u1ee3c \u0111\u1eb7t trong khay x\u1ed1p Foam ch\u1ed1ng t\u0129nh \u0111i\u1ec7n \u0111\u1ec3 tr\u00e1nh t\u00ecnh tr\u1ea1ng t\u00e1c \u0111\u1ed9ng t\u0129nh \u0111i\u1ec7n g\u00e2y h\u1ea1i.<\/li>\n<li><strong>V\u1eadn chuy\u1ec3n h\u00e0ng h\u00f3a qu\u00fd gi\u00e1:<\/strong> Khay x\u1ed1p Foam ch\u1ed1ng t\u0129nh \u0111i\u1ec7n \u0111\u01b0\u1ee3c s\u1eed d\u1ee5ng \u0111\u1ec3 \u0111\u1ecbnh h\u00ecnh v\u00e0 b\u1ea3o v\u1ec7 c\u00e1c s\u1ea3n ph\u1ea9m qu\u00fd gi\u00e1 trong qu\u00e1 tr\u00ecnh v\u1eadn chuy\u1ec3n, \u0111\u1eb7c bi\u1ec7t l\u00e0 khi c\u00f3 nguy c\u01a1 ti\u1ebfp x\u00fac v\u1edbi t\u0129nh \u0111i\u1ec7n.<\/li>\n<\/ol>\n<p><strong>\u0110\u1eb7c \u0111i\u1ec3m n\u1ed5i b\u1eadt c\u1ee7a khay \u0111\u1ecbnh h\u00ecnh x\u1ed1p Foam ch\u1ed1ng t\u0129nh \u0111i\u1ec7n:<\/strong><\/p>\n<ol>\n<li><strong>Ch\u1ed1ng t\u0129nh \u0111i\u1ec7n:<\/strong> V\u1edbi kh\u1ea3 n\u0103ng ch\u1ed1ng t\u0129nh \u0111i\u1ec7n, khay x\u1ed1p Foam gi\u00fap lo\u1ea1i b\u1ecf t\u00e1c \u0111\u1ed9ng t\u0129nh \u0111i\u1ec7n c\u00f3 th\u1ec3 g\u00e2y h\u1ea1i \u0111\u1ed1i v\u1edbi c\u00e1c s\u1ea3n ph\u1ea9m nh\u1ea1y c\u1ea3m v\u00e0 \u0111i\u1ec7n t\u1eed.<\/li>\n<li><strong>\u0110\u1ecbnh h\u00ecnh ch\u00ednh x\u00e1c:<\/strong> Khay \u0111\u1ecbnh h\u00ecnh x\u1ed1p Foam ch\u1ed1ng t\u0129nh \u0111i\u1ec7n c\u00f3 th\u1ec3 \u0111\u01b0\u1ee3c t\u1ea1o ra v\u1edbi c\u00e1c khe v\u00e0 ng\u0103n \u0111\u1ecbnh h\u00ecnh ch\u00ednh x\u00e1c theo y\u00eau c\u1ea7u c\u1ee5 th\u1ec3 c\u1ee7a s\u1ea3n ph\u1ea9m, gi\u00fap s\u1ea3n ph\u1ea9m \u0111\u01b0\u1ee3c \u0111\u1eb7t v\u1eeba v\u1eb7n v\u00e0 an to\u00e0n.<\/li>\n<li><strong>B\u1ea3o v\u1ec7 m\u1eb7t h\u00e0ng t\u1eebng chi ti\u1ebft:<\/strong> Khay x\u1ed1p Foam gi\u00fap b\u1ea3o v\u1ec7 t\u1eebng chi ti\u1ebft c\u1ee7a s\u1ea3n ph\u1ea9m, ng\u0103n ch\u00fang va ch\u1ea1m v\u1edbi nhau v\u00e0 g\u00e2y h\u1ea1i trong qu\u00e1 tr\u00ecnh v\u1eadn chuy\u1ec3n.<\/li>\n<li><strong>D\u1ec5 d\u00e0ng s\u1eed d\u1ee5ng:<\/strong> Khay x\u1ed1p Foam ch\u1ed1ng t\u0129nh \u0111i\u1ec7n d\u1ec5 d\u00e0ng \u0111\u1ec3 \u0111\u1eb7t v\u00e0 lo\u1ea1i b\u1ecf s\u1ea3n ph\u1ea9m, \u0111\u1ed3ng th\u1eddi gi\u1eef cho s\u1ea3n ph\u1ea9m trong t\u00ecnh tr\u1ea1ng an to\u00e0n.<\/li>\n<li><strong>T\u00ednh th\u1ea9m m\u1ef9:<\/strong> Khay x\u1ed1p Foam c\u00f3 th\u1ec3 \u0111\u01b0\u1ee3c thi\u1ebft k\u1ebf v\u1edbi m\u00e0u s\u1eafc v\u00e0 h\u00ecnh d\u00e1ng ph\u00f9 h\u1ee3p, t\u1ea1o th\u00eam gi\u00e1 tr\u1ecb th\u1ea9m m\u1ef9 cho s\u1ea3n ph\u1ea9m v\u00e0 tr\u01b0ng b\u00e0y.<\/li>\n<\/ol>\n<p>T\u00f3m l\u1ea1i, khay \u0111\u1ecbnh h\u00ecnh x\u1ed1p Foam ch\u1ed1ng t\u0129nh \u0111i\u1ec7n l\u00e0 m\u1ed9t gi\u1ea3i ph\u00e1p th\u00f4ng minh v\u00e0 hi\u1ec7u qu\u1ea3 \u0111\u1ec3 b\u1ea3o v\u1ec7 v\u00e0 gi\u1eef g\u00ecn s\u1ea3n ph\u1ea9m kh\u1ecfi t\u00e1c \u0111\u1ed9ng t\u0129nh \u0111i\u1ec7n. V\u1edbi kh\u1ea3 n\u0103ng \u0111\u1ecbnh h\u00ecnh ch\u00ednh x\u00e1c v\u00e0 t\u00ednh linh ho\u1ea1t trong \u1ee9ng d\u1ee5ng, khay x\u1ed1p Foam ch\u1ed1ng t\u0129nh \u0111i\u1ec7n \u0111\u00e1p \u1ee9ng nhu c\u1ea7u c\u1ee7a nhi\u1ec1u ng\u00e0nh c\u00f4ng nghi\u1ec7p v\u00e0 \u0111\u1ea3m b\u1ea3o s\u1ef1 an to\u00e0n v\u00e0 nguy\u00ean v\u1eb9n cho h\u00e0ng h\u00f3a c\u1ee7a b\u1ea1n.<\/p>\n","protected":false},"excerpt":{"rendered":"<p>&#8220;Khay \u0110\u1ecbnh H\u00ecnh X\u1ed1p Foam Ch\u1ed1ng T\u0129nh \u0110i\u1ec7n: S\u1ef1 B\u1ea3o V\u1ec7 T\u1ed1i \u01afu v\u00e0 An To\u00e0n Cho H\u00e0ng H\u00f3a&#8221; Khay \u0111\u1ecbnh h\u00ecnh x\u1ed1p Foam ch\u1ed1ng t\u0129nh \u0111i\u1ec7n l\u00e0 m\u1ed9t gi\u1ea3i ph\u00e1p \u0111\u00e1ng tin c\u1eady \u0111\u1ec3 b\u1ea3o v\u1ec7 h\u00e0ng h\u00f3a kh\u1ecfi t\u00e1c \u0111\u1ed9ng t\u0129nh \u0111i\u1ec7n v\u00e0 h\u00fat b\u1ee5i trong qu\u00e1 tr\u00ecnh v\u1eadn chuy\u1ec3n, l\u01b0u tr\u1eef v\u00e0&#8230;<\/p>\n","protected":false},"featured_media":1277,"comment_status":"open","ping_status":"closed","template":"","meta":[],"product_brand":[],"product_cat":[27],"product_tag":[],"class_list":{"0":"post-1089","1":"product","2":"type-product","3":"status-publish","4":"has-post-thumbnail","6":"product_cat-khay-dinh-hinh","8":"first","9":"instock","10":"shipping-taxable","11":"product-type-simple"},"_links":{"self":[{"href":"https:\/\/nhuadangphuong.com\/index.php?rest_route=\/wp\/v2\/product\/1089","targetHints":{"allow":["GET"]}}],"collection":[{"href":"https:\/\/nhuadangphuong.com\/index.php?rest_route=\/wp\/v2\/product"}],"about":[{"href":"https:\/\/nhuadangphuong.com\/index.php?rest_route=\/wp\/v2\/types\/product"}],"replies":[{"embeddable":true,"href":"https:\/\/nhuadangphuong.com\/index.php?rest_route=%2Fwp%2Fv2%2Fcomments&post=1089"}],"wp:featuredmedia":[{"embeddable":true,"href":"https:\/\/nhuadangphuong.com\/index.php?rest_route=\/wp\/v2\/media\/1277"}],"wp:attachment":[{"href":"https:\/\/nhuadangphuong.com\/index.php?rest_route=%2Fwp%2Fv2%2Fmedia&parent=1089"}],"wp:term":[{"taxonomy":"product_brand","embeddable":true,"href":"https:\/\/nhuadangphuong.com\/index.php?rest_route=%2Fwp%2Fv2%2Fproduct_brand&post=1089"},{"taxonomy":"product_cat","embeddable":true,"href":"https:\/\/nhuadangphuong.com\/index.php?rest_route=%2Fwp%2Fv2%2Fproduct_cat&post=1089"},{"taxonomy":"product_tag","embeddable":true,"href":"https:\/\/nhuadangphuong.com\/index.php?rest_route=%2Fwp%2Fv2%2Fproduct_tag&post=1089"}],"curies":[{"name":"wp","href":"https:\/\/api.w.org\/{rel}","templated":true}]}}